{"id":4417,"date":"2022-02-08T14:00:29","date_gmt":"2022-02-08T13:00:29","guid":{"rendered":"https:\/\/www.vanwijkwerkendam.com\/reparations-entretien\/"},"modified":"2022-02-09T11:00:25","modified_gmt":"2022-02-09T10:00:25","slug":"reparations-entretien","status":"publish","type":"page","link":"https:\/\/www.vanwijkwerkendam.com\/fr\/reparations-entretien\/","title":{"rendered":"R\u00e9parations &#038; entretien"},"content":{"rendered":"<p><div class=\"fusion-fullwidth fullwidth-box fusion-builder-row-1 fusion-parallax-none nonhundred-percent-fullwidth non-hundred-percent-height-scrolling\" style=\"background-color: rgba(255,255,255,0);background-image: url(&quot;https:\/\/vanwijkwerkendam.nl\/wp-content\/uploads\/2021\/06\/Service-en-reparatie-scaled.jpg&quot;);background-position: center center;background-repeat: no-repeat;padding-top:50px;padding-right:0px;padding-bottom:50px;padding-left:0px;margin-bottom: 0px;margin-top: 0px;border-width: 0px 0px 0px 0px;border-color:#eae9e9;border-style:solid;-webkit-background-size:cover;-moz-background-size:cover;-o-background-size:cover;background-size:cover;\" ><div class=\"fusion-builder-row fusion-row\"><div class=\"fusion-layout-column fusion_builder_column fusion-builder-column-0 fusion_builder_column_1_1 1_1 fusion-one-full fusion-column-first fusion-column-last\" style=\"margin-top:0px;margin-bottom:0px;\"><div class=\"fusion-column-wrapper fusion-flex-column-wrapper-legacy\" style=\"background-position:left top;background-repeat:no-repeat;-webkit-background-size:cover;-moz-background-size:cover;-o-background-size:cover;background-size:cover;padding: 0px 0px 0px 0px;\"><div class=\"fusion-sep-clear\"><\/div><div class=\"fusion-separator fusion-no-small-visibility fusion-no-medium-visibility fusion-full-width-sep\" style=\"margin-left: auto;margin-right: auto;margin-top:200px;width:100%;\"><\/div><div class=\"fusion-sep-clear\"><\/div><style type=\"text\/css\"><\/style><div class=\"fusion-title title fusion-title-1 fusion-sep-none fusion-title-text fusion-title-size-one\" style=\"margin-top:0px;margin-right:0px;margin-bottom:10px;margin-left:0px;\"><h1 class=\"title-heading-left fusion-responsive-typography-calculated\" style=\"margin:0;--fontSize:34;line-height:1.40;\"><h1 style=\"text-align: center;\"><span style=\"color: #ffffff;\">R\u00c9PARATIONS &amp; ENTRETIEN<\/span><\/h1><\/h1><\/div><div class=\"fusion-sep-clear\"><\/div><div class=\"fusion-separator fusion-no-small-visibility fusion-no-medium-visibility fusion-full-width-sep\" style=\"margin-left: auto;margin-right: auto;margin-top:100px;width:100%;\"><\/div><div class=\"fusion-sep-clear\"><\/div><div class=\"fusion-clearfix\"><\/div><\/div><\/div><div class=\"fusion-layout-column fusion_builder_column fusion-builder-column-1 fusion_builder_column_1_1 1_1 fusion-one-full fusion-column-first fusion-column-last fusion-no-small-visibility fusion-no-medium-visibility\" style=\"margin-top:0px;margin-bottom:0px;\"><div class=\"fusion-column-wrapper fusion-flex-column-wrapper-legacy\" style=\"background-position:left top;background-repeat:no-repeat;-webkit-background-size:cover;-moz-background-size:cover;-o-background-size:cover;background-size:cover;padding: 0px 0px 0px 0px;\"><div class=\"fusion-clearfix\"><\/div><\/div><\/div><\/div><\/div><div class=\"fusion-fullwidth fullwidth-box fusion-builder-row-2 nonhundred-percent-fullwidth non-hundred-percent-height-scrolling\" style=\"background-color: #fed03d;background-position: left top;background-repeat: no-repeat;padding-top:50px;padding-right:0px;padding-bottom:50px;padding-left:0px;margin-bottom: 0px;margin-top: 0px;border-width: 0px 0px 0px 0px;border-color:#eae9e9;border-style:solid;\" ><div class=\"fusion-builder-row fusion-row\"><div class=\"fusion-layout-column fusion_builder_column fusion-builder-column-2 fusion_builder_column_1_1 1_1 fusion-one-full fusion-column-first fusion-column-last\" style=\"margin-top:0px;margin-bottom:0px;\"><div class=\"fusion-column-wrapper fusion-flex-column-wrapper-legacy\" style=\"background-position:left top;background-repeat:no-repeat;-webkit-background-size:cover;-moz-background-size:cover;-o-background-size:cover;background-size:cover;padding: 0px 0px 0px 0px;\"><div class=\"fusion-text fusion-text-1\"><h2 style=\"text-align: center;\">Avez-vous un projet sur lequel nous pouvons vous aider\u00a0?<\/h2>\n<\/div><div class=\"fusion-clearfix\"><\/div><\/div><\/div><\/div><\/div><div class=\"fusion-fullwidth fullwidth-box fusion-builder-row-3 nonhundred-percent-fullwidth non-hundred-percent-height-scrolling\" style=\"background-color: #ffffff;background-position: left top;background-repeat: no-repeat;padding-top:0px;padding-right:0px;padding-bottom:20px;padding-left:0px;margin-bottom: 0px;margin-top: 0px;border-width: 0px 0px 0px 0px;border-color:#eae9e9;border-style:solid;\" ><div class=\"fusion-builder-row fusion-row\"><div class=\"fusion-layout-column fusion_builder_column fusion-builder-column-3 fusion_builder_column_1_1 1_1 fusion-one-full fusion-column-first fusion-column-last\" style=\"margin-top:-22px;margin-bottom:0px;\"><div class=\"fusion-column-wrapper fusion-flex-column-wrapper-legacy\" style=\"background-position:left top;background-repeat:no-repeat;-webkit-background-size:cover;-moz-background-size:cover;-o-background-size:cover;background-size:cover;padding: 0px 0px 0px 0px;\"><div class=\"fusion-aligncenter\"><style type=\"text\/css\">.fusion-button.button-1 .fusion-button-text, .fusion-button.button-1 i {color:#ffffff;}.fusion-button.button-1 .fusion-button-icon-divider{border-color:#ffffff;}.fusion-button.button-1:hover .fusion-button-text, .fusion-button.button-1:hover i,.fusion-button.button-1:focus .fusion-button-text, .fusion-button.button-1:focus i,.fusion-button.button-1:active .fusion-button-text, .fusion-button.button-1:active{color:#333333;}.fusion-button.button-1:hover .fusion-button-icon-divider, .fusion-button.button-1:hover .fusion-button-icon-divider, .fusion-button.button-1:active .fusion-button-icon-divider{border-color:#333333;}.fusion-button.button-1:hover, .fusion-button.button-1:focus, .fusion-button.button-1:active{border-color:#333333;}.fusion-button.button-1 {border-color:#ffffff;border-radius:4px;}.fusion-button.button-1{background: #333333;}.fusion-button.button-1:hover,.button-1:focus,.fusion-button.button-1:active{background: #ffffff;}<\/style><a class=\"fusion-button button-flat fusion-button-default-size button-custom button-1 fusion-button-default-span fusion-button-default-type dark-button\" target=\"_self\" href=\"https:\/\/www.vanwijkwerkendam.com\/fr\/contact\/\" id=\"offerteaanvraagserviceenreparatie\"><span class=\"fusion-button-text\">Demander un devis!<\/span><\/a><\/div><div class=\"fusion-clearfix\"><\/div><\/div><\/div><\/div><\/div><div class=\"fusion-fullwidth fullwidth-box fusion-builder-row-4 nonhundred-percent-fullwidth non-hundred-percent-height-scrolling\" style=\"background-color: rgba(255,255,255,0);background-position: left top;background-repeat: no-repeat;padding-top:50px;padding-right:0px;padding-bottom:25px;padding-left:0px;margin-bottom: 0px;margin-top: 0px;border-width: 0px 0px 0px 0px;border-color:#eae9e9;border-style:solid;\" ><div class=\"fusion-builder-row fusion-row\"><div class=\"fusion-layout-column fusion_builder_column fusion-builder-column-4 fusion_builder_column_1_1 1_1 fusion-one-full fusion-column-first fusion-column-last\" style=\"margin-top:2%;margin-bottom:10px;\"><div class=\"fusion-column-wrapper fusion-flex-column-wrapper-legacy\" style=\"background-position:left top;background-repeat:no-repeat;-webkit-background-size:cover;-moz-background-size:cover;-o-background-size:cover;background-size:cover;padding: 0px 0px 0px 0px;\"><div class=\"fusion-text fusion-text-2\"><h2>Service<\/h2>\n<\/div><div class=\"fusion-sep-clear\"><\/div><div class=\"fusion-separator fusion-clearfix\" style=\"float:left;margin-top:0px;margin-bottom:30px;width:100%;max-width:30px;\"><div class=\"fusion-separator-border sep-single sep-solid\" style=\"border-color:#fed03d;border-top-width:2px;\"><\/div><\/div><div class=\"fusion-sep-clear\"><\/div><div class=\"fusion-text fusion-text-3\"><p><b>Van Wijk B.V.<\/b><span style=\"font-weight: 400;\"> est une entreprise de r\u00e9paration navale de premier plan pour les navires de navigation int\u00e9rieure, les navires d&rsquo;estuaire et tous les autres navires maritimes.<\/span><\/p>\n<p><span style=\"font-weight: 400;\">Outre la r\u00e9paration et l&rsquo;entretien, Van Wijk fournit \u00e9galement des pi\u00e8ces d\u00e9tach\u00e9es pour la navigation int\u00e9rieure. Les produits fabriqu\u00e9s et r\u00e9par\u00e9s par Van Wijk comprennent : des propulseurs d&rsquo;\u00e9trave, des grues hydrauliques automobiles et \u00e0 soute, des installations hydrauliques, des treuils, des m\u00e2ts d&rsquo;amarrage, des timoneries et des \u00e9l\u00e9vateurs de timonerie. Les produits fournis sont con\u00e7us sp\u00e9cifiquement pour r\u00e9pondre aux exigences du client. Van Wijk est synonyme de produits de haute qualit\u00e9, tr\u00e8s fiables et d&rsquo;une longue dur\u00e9e de vie. Nos produits peuvent \u00eatre livr\u00e9s s\u00e9par\u00e9ment ou avec l&rsquo;installation, afin d&rsquo;\u00eatre imm\u00e9diatement op\u00e9rationnels.<\/span><\/p>\n<\/div><div class=\"fusion-clearfix\"><\/div><\/div><\/div><\/div><\/div><div class=\"fusion-fullwidth fullwidth-box fusion-builder-row-5 nonhundred-percent-fullwidth non-hundred-percent-height-scrolling\" style=\"background-color: rgba(255,255,255,0);background-position: left top;background-repeat: no-repeat;padding-top:50px;padding-right:0px;padding-bottom:25px;padding-left:0px;margin-bottom: 0px;margin-top: 0px;border-width: 0px 0px 0px 0px;border-color:#eae9e9;border-style:solid;\" ><div class=\"fusion-builder-row fusion-row\"><div class=\"fusion-layout-column fusion_builder_column fusion-builder-column-5 fusion_builder_column_1_1 1_1 fusion-one-full fusion-column-first fusion-column-last\" style=\"margin-top:2%;margin-bottom:10px;\"><div class=\"fusion-column-wrapper fusion-flex-column-wrapper-legacy\" style=\"background-position:left top;background-repeat:no-repeat;-webkit-background-size:cover;-moz-background-size:cover;-o-background-size:cover;background-size:cover;padding: 0px 0px 0px 0px;\"><div class=\"fusion-text fusion-text-4\"><h2>Solutions personnalis\u00e9es<\/h2>\n<\/div><div class=\"fusion-sep-clear\"><\/div><div class=\"fusion-separator fusion-clearfix\" style=\"float:left;margin-top:0px;margin-bottom:30px;width:100%;max-width:30px;\"><div class=\"fusion-separator-border sep-single sep-solid\" style=\"border-color:#fed03d;border-top-width:2px;\"><\/div><\/div><div class=\"fusion-sep-clear\"><\/div><div class=\"fusion-text fusion-text-5\"><p><span style=\"font-weight: 400;\">Gr\u00e2ce \u00e0 nos propres tours et fraiseuses CNC modernes, nous pouvons trouver rapidement des solutions personnalis\u00e9es, m\u00eame pour les r\u00e9parations. Nos professionnels, dont beaucoup travaillent pour Van Wijk depuis de nombreuses ann\u00e9es, ont l&rsquo;exp\u00e9rience n\u00e9cessaire pour r\u00e9soudre les probl\u00e9matiques les plus difficiles. Outre, bien s\u00fbr, les r\u00e9parations et l&rsquo;entretien de tous les produits Van Wijk, ceux de notre propre production et des produits comparables en provenance d&rsquo;autres fournisseurs, toutes les r\u00e9parations de navires au-dessus de la ligne de flottaison font partie de notre proposition. Ferronnerie sur terrasse, plate ou coque, nos professionnels savent s&rsquo;en occuper. Les travaux de construction sont rapides et faciles pour nos artisans. Nous savons \u00e9galement nous occuper de l&rsquo;hydraulique et de l&rsquo;\u00e9lectricit\u00e9. Comme nous travaillons en \u00e9troite collaboration avec de nombreuses compagnies maritimes, nous pouvons \u00e9galement effectuer des r\u00e9parations sp\u00e9cifiques sur votre navire. Les r\u00e9parations de navires peuvent avoir lieu \u00e0 la suite d&rsquo;une usure ou d&rsquo;une avarie. Au nom de votre compagnie d&rsquo;assurance, nous pouvons bien s\u00fbr vous fournir une \u00e9valuation des dommages ou un devis. Nous pouvons effectuer une remise en \u00e9tat des pi\u00e8ces et installer de nouvelles pi\u00e8ces ou machines. Installations techniques, moteurs de bateaux et accessoires de bateaux\u00a0: nous pouvons effectuer et organiser pour vous toutes vos r\u00e9parations et entretiens, avec ou sans notre r\u00e9seau.<\/span><\/p>\n<p><span style=\"font-weight: 400;\">Pour les entreprises de construction, nous fournissons des services de r\u00e9paration et de maintenance pour les bateaux de service et, par exemple, les treuils, les <\/span><a href=\"https:\/\/vanwijkwerkendam.nl\/portfolio-items\/boegschroeven\/\"><span style=\"font-weight: 400;\">propulseurs d&rsquo;\u00e9trave<\/span><\/a><span style=\"font-weight: 400;\">, les grues de chargement et les <\/span><a href=\"https:\/\/vanwijkwerkendam.nl\/portfolio-items\/spudpalen\/\"><span style=\"font-weight: 400;\">m\u00e2ts d&rsquo;amarrage.<\/span><\/a><\/p>\n<p><span style=\"font-weight: 400;\">La maintenance pr\u00e9ventive peut vous \u00e9pargner de nombreux temps d&rsquo;arr\u00eat inutiles. Nous serions heureux d\u2019y r\u00e9fl\u00e9chir avec vous. Nous effectuons de nombreux contr\u00f4les d&rsquo;experts et r\u00e9alisons des tests aupr\u00e8s de tous les instituts de contr\u00f4le reconnus.<\/span><\/p>\n<p><span style=\"font-weight: 400;\">Van Wijk a une attitude flexible et dynamique et est toujours pr\u00eate \u00e0 trouver une solution appropri\u00e9e \u00e0 chaque probl\u00e8me. Qu&rsquo;il s&rsquo;agisse de r\u00e9parations, de remplacements, d&rsquo;adaptations ou d&rsquo;installations enti\u00e8rement nouvelles, vous trouverez chez Van Wijk le service et les connaissances correspondantes au sein d&rsquo;une seule et m\u00eame entreprise, depuis plus de 60 ans.<\/span><\/p>\n<p><span style=\"font-weight: 400;\">Van Wijk B.V. est situ\u00e9 dans le Beatrixhaven, sur le Nieuwe Merwede \u00e0 Werkendam, avec son propre quai d&rsquo;amarrage de 160 m\u00e8tres et une grue \u00e0 tour d&rsquo;une capacit\u00e9 de levage de 12 000 kg et d&rsquo;une fl\u00e8che de 60 m\u00e8tres. Les r\u00e9parations peuvent \u00eatre effectu\u00e9es sur le quai Van Wijk \u00e0 Werkendam ou, si vous le souhaitez, sur place, sur des sites nationaux ou \u00e0 l&rsquo;\u00e9tranger.<\/span><\/p>\n<\/div><div class=\"fusion-clearfix\"><\/div><\/div><\/div><\/div><\/div><\/p>\n","protected":false},"excerpt":{"rendered":"","protected":false},"author":5,"featured_media":0,"parent":0,"menu_order":0,"comment_status":"closed","ping_status":"closed","template":"100-width.php","meta":[],"yoast_head":"<!-- This site is optimized with the Yoast SEO plugin v17.8 - https:\/\/yoast.com\/wordpress\/plugins\/seo\/ -->\n<title>R\u00e9parations et maintenance sur votre navire | Van Wijk BV<\/title>\n<meta name=\"description\" content=\"R\u00e9parations &amp; entretien - Van Wijk BV\" \/>\n<meta name=\"robots\" content=\"index, follow, max-snippet:-1, max-image-preview:large, max-video-preview:-1\" \/>\n<link rel=\"canonical\" href=\"https:\/\/www.vanwijkwerkendam.com\/fr\/repairs-maintenance\/\" \/>\n<meta property=\"og:locale\" content=\"fr_FR\" \/>\n<meta property=\"og:type\" content=\"article\" \/>\n<meta property=\"og:title\" content=\"R\u00e9parations et maintenance sur votre navire | Van Wijk BV\" \/>\n<meta property=\"og:description\" content=\"R\u00e9parations &amp; entretien - Van Wijk BV\" \/>\n<meta property=\"og:url\" content=\"https:\/\/www.vanwijkwerkendam.com\/repairs-maintenance\/\" \/>\n<meta property=\"og:site_name\" content=\"Van Wijk BV\" \/>\n<meta property=\"article:publisher\" content=\"https:\/\/www.facebook.com\/Van-Wijk-BV-482682265579232\/\" \/>\n<meta property=\"article:modified_time\" content=\"2022-02-09T10:00:25+00:00\" \/>\n<meta name=\"twitter:card\" content=\"summary_large_image\" \/>\n<meta name=\"twitter:label1\" content=\"Dur\u00e9e de lecture estim\u00e9e\" \/>\n\t<meta name=\"twitter:data1\" content=\"10 minutes\" \/>\n<script type=\"application\/ld+json\" class=\"yoast-schema-graph\">{\"@context\":\"https:\/\/schema.org\",\"@graph\":[{\"@type\":\"Organization\",\"@id\":\"https:\/\/www.vanwijkwerkendam.com\/#organization\",\"name\":\"Van Wijk\",\"url\":\"https:\/\/www.vanwijkwerkendam.com\/\",\"sameAs\":[\"https:\/\/www.facebook.com\/Van-Wijk-BV-482682265579232\/\"],\"logo\":{\"@type\":\"ImageObject\",\"@id\":\"https:\/\/www.vanwijkwerkendam.com\/#logo\",\"inLanguage\":\"fr-FR\",\"url\":\"https:\/\/www.vanwijkwerkendam.com\/wp-content\/uploads\/2020\/04\/favicon-retina1.png\",\"contentUrl\":\"https:\/\/www.vanwijkwerkendam.com\/wp-content\/uploads\/2020\/04\/favicon-retina1.png\",\"width\":144,\"height\":144,\"caption\":\"Van Wijk\"},\"image\":{\"@id\":\"https:\/\/www.vanwijkwerkendam.com\/#logo\"}},{\"@type\":\"WebSite\",\"@id\":\"https:\/\/www.vanwijkwerkendam.com\/#website\",\"url\":\"https:\/\/www.vanwijkwerkendam.com\/\",\"name\":\"Van Wijk BV\",\"description\":\"Scheepsreparatiebedrijf\",\"publisher\":{\"@id\":\"https:\/\/www.vanwijkwerkendam.com\/#organization\"},\"potentialAction\":[{\"@type\":\"SearchAction\",\"target\":{\"@type\":\"EntryPoint\",\"urlTemplate\":\"https:\/\/www.vanwijkwerkendam.com\/?s={search_term_string}\"},\"query-input\":\"required name=search_term_string\"}],\"inLanguage\":\"fr-FR\"},{\"@type\":\"WebPage\",\"@id\":\"https:\/\/www.vanwijkwerkendam.com\/repairs-maintenance\/#webpage\",\"url\":\"https:\/\/www.vanwijkwerkendam.com\/repairs-maintenance\/\",\"name\":\"R\\u00e9parations et maintenance sur votre navire | Van Wijk BV\",\"isPartOf\":{\"@id\":\"https:\/\/www.vanwijkwerkendam.com\/#website\"},\"datePublished\":\"2022-02-08T13:00:29+00:00\",\"dateModified\":\"2022-02-09T10:00:25+00:00\",\"description\":\"R\\u00e9parations & entretien - Van Wijk BV\",\"breadcrumb\":{\"@id\":\"https:\/\/www.vanwijkwerkendam.com\/repairs-maintenance\/#breadcrumb\"},\"inLanguage\":\"fr-FR\",\"potentialAction\":[{\"@type\":\"ReadAction\",\"target\":[\"https:\/\/www.vanwijkwerkendam.com\/repairs-maintenance\/\"]}]},{\"@type\":\"BreadcrumbList\",\"@id\":\"https:\/\/www.vanwijkwerkendam.com\/repairs-maintenance\/#breadcrumb\",\"itemListElement\":[{\"@type\":\"ListItem\",\"position\":1,\"name\":\"Home\",\"item\":\"https:\/\/www.vanwijkwerkendam.com\/\"},{\"@type\":\"ListItem\",\"position\":2,\"name\":\"R\\u00e9parations &#038; entretien\"}]}]}<\/script>\n<!-- \/ Yoast SEO plugin. -->","yoast_head_json":{"title":"R\u00e9parations et maintenance sur votre navire | Van Wijk BV","description":"R\u00e9parations & entretien - Van Wijk BV","robots":{"index":"index","follow":"follow","max-snippet":"max-snippet:-1","max-image-preview":"max-image-preview:large","max-video-preview":"max-video-preview:-1"},"canonical":"https:\/\/www.vanwijkwerkendam.com\/fr\/repairs-maintenance\/","og_locale":"fr_FR","og_type":"article","og_title":"R\u00e9parations et maintenance sur votre navire | Van Wijk BV","og_description":"R\u00e9parations & entretien - Van Wijk BV","og_url":"https:\/\/www.vanwijkwerkendam.com\/repairs-maintenance\/","og_site_name":"Van Wijk BV","article_publisher":"https:\/\/www.facebook.com\/Van-Wijk-BV-482682265579232\/","article_modified_time":"2022-02-09T10:00:25+00:00","twitter_card":"summary_large_image","twitter_misc":{"Dur\u00e9e de lecture estim\u00e9e":"10 minutes"},"schema":{"@context":"https:\/\/schema.org","@graph":[{"@type":"Organization","@id":"https:\/\/www.vanwijkwerkendam.com\/#organization","name":"Van Wijk","url":"https:\/\/www.vanwijkwerkendam.com\/","sameAs":["https:\/\/www.facebook.com\/Van-Wijk-BV-482682265579232\/"],"logo":{"@type":"ImageObject","@id":"https:\/\/www.vanwijkwerkendam.com\/#logo","inLanguage":"fr-FR","url":"https:\/\/www.vanwijkwerkendam.com\/wp-content\/uploads\/2020\/04\/favicon-retina1.png","contentUrl":"https:\/\/www.vanwijkwerkendam.com\/wp-content\/uploads\/2020\/04\/favicon-retina1.png","width":144,"height":144,"caption":"Van Wijk"},"image":{"@id":"https:\/\/www.vanwijkwerkendam.com\/#logo"}},{"@type":"WebSite","@id":"https:\/\/www.vanwijkwerkendam.com\/#website","url":"https:\/\/www.vanwijkwerkendam.com\/","name":"Van Wijk BV","description":"Scheepsreparatiebedrijf","publisher":{"@id":"https:\/\/www.vanwijkwerkendam.com\/#organization"},"potentialAction":[{"@type":"SearchAction","target":{"@type":"EntryPoint","urlTemplate":"https:\/\/www.vanwijkwerkendam.com\/?s={search_term_string}"},"query-input":"required name=search_term_string"}],"inLanguage":"fr-FR"},{"@type":"WebPage","@id":"https:\/\/www.vanwijkwerkendam.com\/repairs-maintenance\/#webpage","url":"https:\/\/www.vanwijkwerkendam.com\/repairs-maintenance\/","name":"R\u00e9parations et maintenance sur votre navire | Van Wijk BV","isPartOf":{"@id":"https:\/\/www.vanwijkwerkendam.com\/#website"},"datePublished":"2022-02-08T13:00:29+00:00","dateModified":"2022-02-09T10:00:25+00:00","description":"R\u00e9parations & entretien - Van Wijk BV","breadcrumb":{"@id":"https:\/\/www.vanwijkwerkendam.com\/repairs-maintenance\/#breadcrumb"},"inLanguage":"fr-FR","potentialAction":[{"@type":"ReadAction","target":["https:\/\/www.vanwijkwerkendam.com\/repairs-maintenance\/"]}]},{"@type":"BreadcrumbList","@id":"https:\/\/www.vanwijkwerkendam.com\/repairs-maintenance\/#breadcrumb","itemListElement":[{"@type":"ListItem","position":1,"name":"Home","item":"https:\/\/www.vanwijkwerkendam.com\/"},{"@type":"ListItem","position":2,"name":"R\u00e9parations &#038; entretien"}]}]}},"_links":{"self":[{"href":"https:\/\/www.vanwijkwerkendam.com\/fr\/wp-json\/wp\/v2\/pages\/4417"}],"collection":[{"href":"https:\/\/www.vanwijkwerkendam.com\/fr\/wp-json\/wp\/v2\/pages"}],"about":[{"href":"https:\/\/www.vanwijkwerkendam.com\/fr\/wp-json\/wp\/v2\/types\/page"}],"author":[{"embeddable":true,"href":"https:\/\/www.vanwijkwerkendam.com\/fr\/wp-json\/wp\/v2\/users\/5"}],"replies":[{"embeddable":true,"href":"https:\/\/www.vanwijkwerkendam.com\/fr\/wp-json\/wp\/v2\/comments?post=4417"}],"version-history":[{"count":5,"href":"https:\/\/www.vanwijkwerkendam.com\/fr\/wp-json\/wp\/v2\/pages\/4417\/revisions"}],"predecessor-version":[{"id":4700,"href":"https:\/\/www.vanwijkwerkendam.com\/fr\/wp-json\/wp\/v2\/pages\/4417\/revisions\/4700"}],"wp:attachment":[{"href":"https:\/\/www.vanwijkwerkendam.com\/fr\/wp-json\/wp\/v2\/media?parent=4417"}],"curies":[{"name":"wp","href":"https:\/\/api.w.org\/{rel}","templated":true}]}}