{"id":4410,"date":"2022-02-08T13:53:40","date_gmt":"2022-02-08T12:53:40","guid":{"rendered":"https:\/\/www.vanwijkwerkendam.com\/inspections-et-evaluations\/"},"modified":"2022-02-09T11:01:36","modified_gmt":"2022-02-09T10:01:36","slug":"inspections-et-evaluations","status":"publish","type":"page","link":"https:\/\/www.vanwijkwerkendam.com\/fr\/inspections-et-evaluations\/","title":{"rendered":"Inspections et \u00e9valuations"},"content":{"rendered":"<p><div class=\"fusion-fullwidth fullwidth-box fusion-builder-row-1 fusion-parallax-none nonhundred-percent-fullwidth non-hundred-percent-height-scrolling\" style=\"background-color: rgba(255,255,255,0);background-image: url(&quot;https:\/\/vanwijkwerkendam.nl\/wp-content\/uploads\/2015\/12\/achtergrond-contact.jpg&quot;);background-position: left top;background-repeat: no-repeat;padding-top:50px;padding-right:0px;padding-bottom:50px;padding-left:0px;margin-bottom: 0px;margin-top: 0px;border-width: 0px 0px 0px 0px;border-color:#eae9e9;border-style:solid;-webkit-background-size:cover;-moz-background-size:cover;-o-background-size:cover;background-size:cover;\" ><div class=\"fusion-builder-row fusion-row\"><div class=\"fusion-layout-column fusion_builder_column fusion-builder-column-0 fusion_builder_column_1_1 1_1 fusion-one-full fusion-column-first fusion-column-last\" style=\"margin-top:0px;margin-bottom:0px;\"><div class=\"fusion-column-wrapper fusion-flex-column-wrapper-legacy\" style=\"background-position:left top;background-repeat:no-repeat;-webkit-background-size:cover;-moz-background-size:cover;-o-background-size:cover;background-size:cover;padding: 0px 0px 0px 0px;\"><div class=\"fusion-sep-clear\"><\/div><div class=\"fusion-separator fusion-no-small-visibility fusion-no-medium-visibility fusion-full-width-sep\" style=\"margin-left: auto;margin-right: auto;margin-top:200px;width:100%;\"><\/div><div class=\"fusion-sep-clear\"><\/div><style type=\"text\/css\"><\/style><div class=\"fusion-title title fusion-title-1 fusion-sep-none fusion-title-text fusion-title-size-one\" style=\"margin-top:0px;margin-right:0px;margin-bottom:10px;margin-left:0px;\"><h1 class=\"title-heading-left fusion-responsive-typography-calculated\" style=\"margin:0;--fontSize:34;line-height:1.40;\"><h1 style=\"text-align: center;\"><span style=\"color: #ffffff;\">\u00c9VALUATIONS ET INSPECTIONS<\/span><\/h1><\/h1><\/div><div class=\"fusion-sep-clear\"><\/div><div class=\"fusion-separator fusion-no-small-visibility fusion-no-medium-visibility fusion-full-width-sep\" style=\"margin-left: auto;margin-right: auto;margin-top:100px;width:100%;\"><\/div><div class=\"fusion-sep-clear\"><\/div><div class=\"fusion-clearfix\"><\/div><\/div><\/div><div class=\"fusion-layout-column fusion_builder_column fusion-builder-column-1 fusion_builder_column_1_1 1_1 fusion-one-full fusion-column-first fusion-column-last fusion-no-small-visibility fusion-no-medium-visibility\" style=\"margin-top:0px;margin-bottom:0px;\"><div class=\"fusion-column-wrapper fusion-flex-column-wrapper-legacy\" style=\"background-position:left top;background-repeat:no-repeat;-webkit-background-size:cover;-moz-background-size:cover;-o-background-size:cover;background-size:cover;padding: 0px 0px 0px 0px;\"><div class=\"fusion-clearfix\"><\/div><\/div><\/div><\/div><\/div><div class=\"fusion-fullwidth fullwidth-box fusion-builder-row-2 nonhundred-percent-fullwidth non-hundred-percent-height-scrolling\" style=\"background-color: #fed03d;background-position: left top;background-repeat: no-repeat;padding-top:50px;padding-right:0px;padding-bottom:50px;padding-left:0px;margin-bottom: 0px;margin-top: 0px;border-width: 0px 0px 0px 0px;border-color:#eae9e9;border-style:solid;\" ><div class=\"fusion-builder-row fusion-row\"><div class=\"fusion-layout-column fusion_builder_column fusion-builder-column-2 fusion_builder_column_1_1 1_1 fusion-one-full fusion-column-first fusion-column-last\" style=\"margin-top:0px;margin-bottom:0px;\"><div class=\"fusion-column-wrapper fusion-flex-column-wrapper-legacy\" style=\"background-position:left top;background-repeat:no-repeat;-webkit-background-size:cover;-moz-background-size:cover;-o-background-size:cover;background-size:cover;padding: 0px 0px 0px 0px;\"><div class=\"fusion-text fusion-text-1\"><h2 style=\"font-weight: 300; text-align: center;\">Vous avez un projet sur lequel nous pouvons vous aider ?<\/h2>\n<\/div><div class=\"fusion-clearfix\"><\/div><\/div><\/div><\/div><\/div><div class=\"fusion-fullwidth fullwidth-box fusion-builder-row-3 nonhundred-percent-fullwidth non-hundred-percent-height-scrolling\" style=\"background-color: #ffffff;background-position: left top;background-repeat: no-repeat;padding-top:0px;padding-right:0px;padding-bottom:20px;padding-left:0px;margin-bottom: 0px;margin-top: 0px;border-width: 0px 0px 0px 0px;border-color:#eae9e9;border-style:solid;\" ><div class=\"fusion-builder-row fusion-row\"><div class=\"fusion-layout-column fusion_builder_column fusion-builder-column-3 fusion_builder_column_1_1 1_1 fusion-one-full fusion-column-first fusion-column-last\" style=\"margin-top:-22px;margin-bottom:0px;\"><div class=\"fusion-column-wrapper fusion-flex-column-wrapper-legacy\" style=\"background-position:left top;background-repeat:no-repeat;-webkit-background-size:cover;-moz-background-size:cover;-o-background-size:cover;background-size:cover;padding: 0px 0px 0px 0px;\"><div class=\"fusion-aligncenter\"><style type=\"text\/css\">.fusion-button.button-1 .fusion-button-text, .fusion-button.button-1 i {color:#ffffff;}.fusion-button.button-1 .fusion-button-icon-divider{border-color:#ffffff;}.fusion-button.button-1:hover .fusion-button-text, .fusion-button.button-1:hover i,.fusion-button.button-1:focus .fusion-button-text, .fusion-button.button-1:focus i,.fusion-button.button-1:active .fusion-button-text, .fusion-button.button-1:active{color:#333333;}.fusion-button.button-1:hover .fusion-button-icon-divider, .fusion-button.button-1:hover .fusion-button-icon-divider, .fusion-button.button-1:active .fusion-button-icon-divider{border-color:#333333;}.fusion-button.button-1:hover, .fusion-button.button-1:focus, .fusion-button.button-1:active{border-color:#333333;}.fusion-button.button-1 {border-color:#ffffff;border-radius:4px;}.fusion-button.button-1{background: #333333;}.fusion-button.button-1:hover,.button-1:focus,.fusion-button.button-1:active{background: #ffffff;}<\/style><a class=\"fusion-button button-flat fusion-button-default-size button-custom button-1 fusion-button-default-span fusion-button-default-type dark-button\" target=\"_self\" href=\"https:\/\/www.vanwijkwerkendam.com\/fr\/contact\/\"><span class=\"fusion-button-text\">Demander un devis!<\/span><\/a><\/div><div class=\"fusion-clearfix\"><\/div><\/div><\/div><\/div><\/div><div class=\"fusion-fullwidth fullwidth-box fusion-builder-row-4 nonhundred-percent-fullwidth non-hundred-percent-height-scrolling\" style=\"background-color: rgba(255,255,255,0);background-position: left top;background-repeat: no-repeat;padding-top:50px;padding-right:0px;padding-bottom:25px;padding-left:0px;margin-bottom: 0px;margin-top: 0px;border-width: 0px 0px 0px 0px;border-color:#eae9e9;border-style:solid;\" ><div class=\"fusion-builder-row fusion-row\"><div class=\"fusion-layout-column fusion_builder_column fusion-builder-column-4 fusion_builder_column_3_4 3_4 fusion-three-fourth fusion-column-first\" style=\"width:75%;width:calc(75% - ( ( 8% ) * 0.75 ) );margin-right: 8%;margin-top:2%;margin-bottom:10px;\"><div class=\"fusion-column-wrapper fusion-flex-column-wrapper-legacy\" style=\"background-position:left top;background-repeat:no-repeat;-webkit-background-size:cover;-moz-background-size:cover;-o-background-size:cover;background-size:cover;padding: 0px 0px 0px 0px;\"><div class=\"fusion-text fusion-text-2\"><h2>Inspections et \u00e9valuations<\/h2>\n<\/div><div class=\"fusion-sep-clear\"><\/div><div class=\"fusion-separator fusion-clearfix\" style=\"float:left;margin-top:0px;margin-bottom:30px;width:100%;max-width:30px;\"><div class=\"fusion-separator-border sep-single sep-solid\" style=\"border-color:#fed03d;border-top-width:2px;\"><\/div><\/div><div class=\"fusion-sep-clear\"><\/div><div class=\"fusion-text fusion-text-3\"><p><span style=\"font-weight: 400;\">Van Wijk s&rsquo;occupe de vos inspections (p\u00e9riodiques) de la grue automobile, de la grue \u00e0 soute, de la colonne de levage, du propulseur d&rsquo;\u00e9trave et des m\u00e2ts d&rsquo;amarrage. En collaboration avec tous les instituts de contr\u00f4le, nous organisons \u00e9galement les \u00e9valuations obligatoires. Les \u00e9ventuels d\u00e9fauts peuvent \u00eatre trait\u00e9s imm\u00e9diatement, apr\u00e8s l&rsquo;inspection, par nos techniciens exp\u00e9riment\u00e9s. Gr\u00e2ce \u00e0 notre exp\u00e9rience de plus de 60 ans, nous connaissons tous les tenants et aboutissants de votre bateau de navigation int\u00e9rieure.<\/span><\/p>\n<p><span style=\"font-weight: 400;\">D&rsquo;une part, certains \u00e9valuations et \/ ou inspections sont obligatoires, d&rsquo;autre part, les inspections pr\u00e9ventives peuvent \u00e9viter des temps d&rsquo;arr\u00eat impr\u00e9vus et donc souvent co\u00fbteux. Bien entendu, votre s\u00e9curit\u00e9 et celle de votre personnel b\u00e9n\u00e9ficient \u00e9galement de ces inspections p\u00e9riodiques. Mieux vaut pr\u00e9venir que gu\u00e9rir !<\/span><\/p>\n<p><span style=\"font-weight: 400;\">Une inspection est un examen visuel approfondi, bas\u00e9 sur une liste de contr\u00f4le, visant \u00e0 d\u00e9terminer si l&rsquo;\u00e9quipement \u00e0 examiner peut encore \u00eatre utilis\u00e9 en toute s\u00e9curit\u00e9, si une maintenance (pr\u00e9ventive) est n\u00e9cessaire et si des ajustements sont requis avant l&rsquo;\u00e9ventuelle \u00e9valuation obligatoire. Les inspections p\u00e9riodiques augmentent la s\u00e9curit\u00e9 et r\u00e9duisent les co\u00fbts des r\u00e9parations impr\u00e9vues et des temps d&rsquo;arr\u00eat \u00e0 des moments et des endroits ind\u00e9sirables. Les inspections p\u00e9riodiques peuvent \u00eatre programm\u00e9es \u00e0 un moment opportun dans votre emploi du temps de marin.<\/span><\/p>\n<p><span style=\"font-weight: 400;\">Une \u00e9valuation est un examen dont le but est d&rsquo;\u00e9valuer si l&rsquo;\u00e9quipement est conforme \u00e0 la r\u00e9glementation. Vous vous conformez ainsi aux exigences l\u00e9gales, aux exigences en mati\u00e8re d&rsquo;assurance et aux exigences des exp\u00e9diteurs ou des clients.<\/span><\/p>\n<p><span style=\"font-weight: 400;\">Pour plus d&rsquo;informations sur les inspections et les \u00e9valuations, <\/span><a href=\"https:\/\/vanwijkwerkendam.nl\/contact\/\"><span style=\"font-weight: 400;\">veuillez nous contacter<\/span><\/a><span style=\"font-weight: 400;\">.<\/span><\/p>\n<\/div><div class=\"fusion-clearfix\"><\/div><\/div><\/div><div class=\"fusion-layout-column fusion_builder_column fusion-builder-column-5 fusion_builder_column_1_4 1_4 fusion-one-fourth fusion-column-last\" style=\"width:25%;width:calc(25% - ( ( 8% ) * 0.25 ) );margin-top:2%;margin-bottom:10px;\"><div class=\"fusion-column-wrapper fusion-flex-column-wrapper-legacy\" style=\"background-position:left top;background-repeat:no-repeat;-webkit-background-size:cover;-moz-background-size:cover;-o-background-size:cover;background-size:cover;padding: 0px 0px 0px 0px;\"><div class=\"fusion-text fusion-text-4\"><\/div><div class=\"fusion-sep-clear\"><\/div><div class=\"fusion-separator fusion-clearfix\" style=\"float:left;margin-top:0px;margin-bottom:38px;width:100%;max-width:30px;\"><div class=\"fusion-separator-border sep-single sep-solid\" style=\"border-color:#fed03d;border-top-width:2px;\"><\/div><\/div><div class=\"fusion-sep-clear\"><\/div><div class=\"fusion-clearfix\"><\/div><\/div><\/div><\/div><\/div><div class=\"fusion-fullwidth fullwidth-box fusion-builder-row-5 nonhundred-percent-fullwidth non-hundred-percent-height-scrolling\" style=\"background-color: rgba(255,255,255,0);background-position: left top;background-repeat: no-repeat;padding-top:25px;padding-right:0px;padding-bottom:100px;padding-left:0px;margin-bottom: 0px;margin-top: 0px;border-width: 0px 0px 0px 0px;border-color:#eae9e9;border-style:solid;\" ><div class=\"fusion-builder-row fusion-row\"><div class=\"fusion-layout-column fusion_builder_column fusion-builder-column-6 fusion_builder_column_2_3 2_3 fusion-two-third fusion-column-first\" style=\"width:65.3333%; margin-right: 4%;margin-top:0px;margin-bottom:28px;\"><div class=\"fusion-column-wrapper fusion-flex-column-wrapper-legacy\" style=\"background-position:left top;background-repeat:no-repeat;-webkit-background-size:cover;-moz-background-size:cover;-o-background-size:cover;background-size:cover;padding: 0px 0px 0px 0px;\"><div class=\"imageframe-liftup\"><span class=\" fusion-imageframe imageframe-none imageframe-1\"><a href=\"https:\/\/www.vanwijkwerkendam.com\/wp-content\/uploads\/2020\/10\/inspecties-en-keuringen.jpg\" class=\"fusion-lightbox\" data-rel=\"iLightbox[florida]\" data-title=\"inspecties-en-keuringen\" title=\"inspecties-en-keuringen\"><img width=\"1000\" height=\"750\" alt=\"Laadkraan\" src=\"https:\/\/www.vanwijkwerkendam.com\/wp-content\/uploads\/2020\/10\/inspecties-en-keuringen.jpg\" class=\"img-responsive wp-image-2523\" srcset=\"https:\/\/www.vanwijkwerkendam.com\/wp-content\/uploads\/2020\/10\/inspecties-en-keuringen-200x150.jpg 200w, https:\/\/www.vanwijkwerkendam.com\/wp-content\/uploads\/2020\/10\/inspecties-en-keuringen-400x300.jpg 400w, https:\/\/www.vanwijkwerkendam.com\/wp-content\/uploads\/2020\/10\/inspecties-en-keuringen-600x450.jpg 600w, https:\/\/www.vanwijkwerkendam.com\/wp-content\/uploads\/2020\/10\/inspecties-en-keuringen-800x600.jpg 800w, https:\/\/www.vanwijkwerkendam.com\/wp-content\/uploads\/2020\/10\/inspecties-en-keuringen.jpg 1000w\" sizes=\"(max-width: 800px) 100vw, 800px\" \/><\/a><\/span><\/div><div class=\"fusion-clearfix\"><\/div><\/div><\/div><div class=\"fusion-layout-column fusion_builder_column fusion-builder-column-7 fusion_builder_column_1_3 1_3 fusion-one-third fusion-column-last\" style=\"width:30.6666%;margin-top:0px;margin-bottom:0px;\"><div class=\"fusion-column-wrapper fusion-flex-column-wrapper-legacy\" style=\"background-position:left top;background-repeat:no-repeat;-webkit-background-size:cover;-moz-background-size:cover;-o-background-size:cover;background-size:cover;padding: 0px 0px 0px 0px;\"><div class=\"imageframe-liftup\"><span class=\" fusion-imageframe imageframe-none imageframe-2\"><a class=\"fusion-lightbox\" data-rel=\"iLightbox[florida]\" data-title=\"inspecties-en-keuringen\" title=\"inspecties-en-keuringen\"><\/a><\/span><\/div><div class=\"fusion-sep-clear\"><\/div><div class=\"fusion-separator fusion-full-width-sep\" style=\"margin-left: auto;margin-right: auto;margin-top:28px;width:100%;\"><\/div><div class=\"fusion-sep-clear\"><\/div><div class=\"imageframe-liftup\"><span class=\" fusion-imageframe imageframe-none imageframe-3\"><a class=\"fusion-lightbox\" data-rel=\"iLightbox[florida]\" data-title=\"inspecties-en-keuringen\" title=\"inspecties-en-keuringen\"><\/a><\/span><\/div><div class=\"fusion-clearfix\"><\/div><\/div><\/div><\/div><\/div><div class=\"fusion-fullwidth fullwidth-box fusion-builder-row-6 nonhundred-percent-fullwidth non-hundred-percent-height-scrolling\" style=\"background-color: rgba(255,255,255,0);background-position: center center;background-repeat: no-repeat;padding-top:0px;padding-right:0px;padding-bottom:0px;padding-left:0px;margin-bottom: 0px;margin-top: 0px;border-width: 0px 0px 0px 0px;border-color:#eae9e9;border-style:solid;\" ><div class=\"fusion-builder-row fusion-row\"><div class=\"fusion-layout-column fusion_builder_column fusion-builder-column-8 fusion_builder_column_1_1 1_1 fusion-one-full fusion-column-first fusion-column-last\" style=\"margin-top:2%;margin-bottom:10px;\"><div class=\"fusion-column-wrapper fusion-flex-column-wrapper-legacy\" style=\"background-position:left top;background-repeat:no-repeat;-webkit-background-size:cover;-moz-background-size:cover;-o-background-size:cover;background-size:cover;padding: 0px 0px 0px 0px;\"><div class=\"fusion-text fusion-text-5\"><h2>Des produits<\/h2>\n<\/div><div class=\"fusion-sep-clear\"><\/div><div class=\"fusion-separator fusion-clearfix\" style=\"float:left;margin-top:0px;margin-bottom:38px;width:100%;max-width:30px;\"><div class=\"fusion-separator-border sep-single sep-solid\" style=\"border-color:#fed03d;border-top-width:2px;\"><\/div><\/div><div class=\"fusion-sep-clear\"><\/div><div class=\"fusion-widget-area fusion-widget-area-1 fusion-content-widget-area\"><style type=\"text\/css\">.fusion-widget-area-1 {padding:0px 0px 0px 0px;}.fusion-widget-area-1 .widget h4 {color:#333333;}.fusion-widget-area-1 .widget .heading h4 {color:#333333;}.fusion-widget-area-1 .widget h4 {font-size:18px;}.fusion-widget-area-1 .widget .heading h4 {font-size:18px;}<\/style><section id=\"recent_works-widget-3\" class=\"fusion-slidingbar-widget-column widget recent_works\" style=\"border-style: solid;border-color:transparent;border-width:0px;\">\n\t\t<div class=\"recent-works-items clearfix\">\n\t\t\t\n\t\t\t\t\t\t\t\t<\/div>\n\t\t<div style=\"clear:both;\"><\/div><\/section><div class=\"fusion-additional-widget-content\"><\/div><\/div><div class=\"fusion-clearfix\"><\/div><\/div><\/div><\/div><\/div><\/p>\n","protected":false},"excerpt":{"rendered":"","protected":false},"author":1,"featured_media":0,"parent":0,"menu_order":0,"comment_status":"closed","ping_status":"closed","template":"100-width.php","meta":[],"yoast_head":"<!-- This site is optimized with the Yoast SEO plugin v17.8 - https:\/\/yoast.com\/wordpress\/plugins\/seo\/ -->\n<title>Inspections et \u00e9valuations | Demander un devis | Van Wijk BV<\/title>\n<meta name=\"description\" content=\"Inspections et \u00e9valuations - Van Wijk BV\" \/>\n<meta name=\"robots\" content=\"index, follow, max-snippet:-1, max-image-preview:large, max-video-preview:-1\" \/>\n<link rel=\"canonical\" href=\"https:\/\/www.vanwijkwerkendam.com\/fr\/inspections-and-tests\/\" \/>\n<meta property=\"og:locale\" content=\"fr_FR\" \/>\n<meta property=\"og:type\" content=\"article\" \/>\n<meta property=\"og:title\" content=\"Inspections et \u00e9valuations | Demander un devis | Van Wijk BV\" \/>\n<meta property=\"og:description\" content=\"Inspections et \u00e9valuations - Van Wijk BV\" \/>\n<meta property=\"og:url\" content=\"https:\/\/www.vanwijkwerkendam.com\/inspections-and-tests\/\" \/>\n<meta property=\"og:site_name\" content=\"Van Wijk BV\" \/>\n<meta property=\"article:publisher\" content=\"https:\/\/www.facebook.com\/Van-Wijk-BV-482682265579232\/\" \/>\n<meta property=\"article:modified_time\" content=\"2022-02-09T10:01:36+00:00\" \/>\n<meta name=\"twitter:card\" content=\"summary_large_image\" \/>\n<meta name=\"twitter:label1\" content=\"Dur\u00e9e de lecture estim\u00e9e\" \/>\n\t<meta name=\"twitter:data1\" content=\"11 minutes\" \/>\n<script type=\"application\/ld+json\" class=\"yoast-schema-graph\">{\"@context\":\"https:\/\/schema.org\",\"@graph\":[{\"@type\":\"Organization\",\"@id\":\"https:\/\/www.vanwijkwerkendam.com\/#organization\",\"name\":\"Van Wijk\",\"url\":\"https:\/\/www.vanwijkwerkendam.com\/\",\"sameAs\":[\"https:\/\/www.facebook.com\/Van-Wijk-BV-482682265579232\/\"],\"logo\":{\"@type\":\"ImageObject\",\"@id\":\"https:\/\/www.vanwijkwerkendam.com\/#logo\",\"inLanguage\":\"fr-FR\",\"url\":\"https:\/\/www.vanwijkwerkendam.com\/wp-content\/uploads\/2020\/04\/favicon-retina1.png\",\"contentUrl\":\"https:\/\/www.vanwijkwerkendam.com\/wp-content\/uploads\/2020\/04\/favicon-retina1.png\",\"width\":144,\"height\":144,\"caption\":\"Van Wijk\"},\"image\":{\"@id\":\"https:\/\/www.vanwijkwerkendam.com\/#logo\"}},{\"@type\":\"WebSite\",\"@id\":\"https:\/\/www.vanwijkwerkendam.com\/#website\",\"url\":\"https:\/\/www.vanwijkwerkendam.com\/\",\"name\":\"Van Wijk BV\",\"description\":\"Scheepsreparatiebedrijf\",\"publisher\":{\"@id\":\"https:\/\/www.vanwijkwerkendam.com\/#organization\"},\"potentialAction\":[{\"@type\":\"SearchAction\",\"target\":{\"@type\":\"EntryPoint\",\"urlTemplate\":\"https:\/\/www.vanwijkwerkendam.com\/?s={search_term_string}\"},\"query-input\":\"required name=search_term_string\"}],\"inLanguage\":\"fr-FR\"},{\"@type\":\"WebPage\",\"@id\":\"https:\/\/www.vanwijkwerkendam.com\/inspections-and-tests\/#webpage\",\"url\":\"https:\/\/www.vanwijkwerkendam.com\/inspections-and-tests\/\",\"name\":\"Inspections et \\u00e9valuations | Demander un devis | Van Wijk BV\",\"isPartOf\":{\"@id\":\"https:\/\/www.vanwijkwerkendam.com\/#website\"},\"datePublished\":\"2022-02-08T12:53:40+00:00\",\"dateModified\":\"2022-02-09T10:01:36+00:00\",\"description\":\"Inspections et \\u00e9valuations - Van Wijk BV\",\"breadcrumb\":{\"@id\":\"https:\/\/www.vanwijkwerkendam.com\/inspections-and-tests\/#breadcrumb\"},\"inLanguage\":\"fr-FR\",\"potentialAction\":[{\"@type\":\"ReadAction\",\"target\":[\"https:\/\/www.vanwijkwerkendam.com\/inspections-and-tests\/\"]}]},{\"@type\":\"BreadcrumbList\",\"@id\":\"https:\/\/www.vanwijkwerkendam.com\/inspections-and-tests\/#breadcrumb\",\"itemListElement\":[{\"@type\":\"ListItem\",\"position\":1,\"name\":\"Home\",\"item\":\"https:\/\/www.vanwijkwerkendam.com\/\"},{\"@type\":\"ListItem\",\"position\":2,\"name\":\"Inspections et \\u00e9valuations\"}]}]}<\/script>\n<!-- \/ Yoast SEO plugin. -->","yoast_head_json":{"title":"Inspections et \u00e9valuations | Demander un devis | Van Wijk BV","description":"Inspections et \u00e9valuations - Van Wijk BV","robots":{"index":"index","follow":"follow","max-snippet":"max-snippet:-1","max-image-preview":"max-image-preview:large","max-video-preview":"max-video-preview:-1"},"canonical":"https:\/\/www.vanwijkwerkendam.com\/fr\/inspections-and-tests\/","og_locale":"fr_FR","og_type":"article","og_title":"Inspections et \u00e9valuations | Demander un devis | Van Wijk BV","og_description":"Inspections et \u00e9valuations - Van Wijk BV","og_url":"https:\/\/www.vanwijkwerkendam.com\/inspections-and-tests\/","og_site_name":"Van Wijk BV","article_publisher":"https:\/\/www.facebook.com\/Van-Wijk-BV-482682265579232\/","article_modified_time":"2022-02-09T10:01:36+00:00","twitter_card":"summary_large_image","twitter_misc":{"Dur\u00e9e de lecture estim\u00e9e":"11 minutes"},"schema":{"@context":"https:\/\/schema.org","@graph":[{"@type":"Organization","@id":"https:\/\/www.vanwijkwerkendam.com\/#organization","name":"Van Wijk","url":"https:\/\/www.vanwijkwerkendam.com\/","sameAs":["https:\/\/www.facebook.com\/Van-Wijk-BV-482682265579232\/"],"logo":{"@type":"ImageObject","@id":"https:\/\/www.vanwijkwerkendam.com\/#logo","inLanguage":"fr-FR","url":"https:\/\/www.vanwijkwerkendam.com\/wp-content\/uploads\/2020\/04\/favicon-retina1.png","contentUrl":"https:\/\/www.vanwijkwerkendam.com\/wp-content\/uploads\/2020\/04\/favicon-retina1.png","width":144,"height":144,"caption":"Van Wijk"},"image":{"@id":"https:\/\/www.vanwijkwerkendam.com\/#logo"}},{"@type":"WebSite","@id":"https:\/\/www.vanwijkwerkendam.com\/#website","url":"https:\/\/www.vanwijkwerkendam.com\/","name":"Van Wijk BV","description":"Scheepsreparatiebedrijf","publisher":{"@id":"https:\/\/www.vanwijkwerkendam.com\/#organization"},"potentialAction":[{"@type":"SearchAction","target":{"@type":"EntryPoint","urlTemplate":"https:\/\/www.vanwijkwerkendam.com\/?s={search_term_string}"},"query-input":"required name=search_term_string"}],"inLanguage":"fr-FR"},{"@type":"WebPage","@id":"https:\/\/www.vanwijkwerkendam.com\/inspections-and-tests\/#webpage","url":"https:\/\/www.vanwijkwerkendam.com\/inspections-and-tests\/","name":"Inspections et \u00e9valuations | Demander un devis | Van Wijk BV","isPartOf":{"@id":"https:\/\/www.vanwijkwerkendam.com\/#website"},"datePublished":"2022-02-08T12:53:40+00:00","dateModified":"2022-02-09T10:01:36+00:00","description":"Inspections et \u00e9valuations - Van Wijk BV","breadcrumb":{"@id":"https:\/\/www.vanwijkwerkendam.com\/inspections-and-tests\/#breadcrumb"},"inLanguage":"fr-FR","potentialAction":[{"@type":"ReadAction","target":["https:\/\/www.vanwijkwerkendam.com\/inspections-and-tests\/"]}]},{"@type":"BreadcrumbList","@id":"https:\/\/www.vanwijkwerkendam.com\/inspections-and-tests\/#breadcrumb","itemListElement":[{"@type":"ListItem","position":1,"name":"Home","item":"https:\/\/www.vanwijkwerkendam.com\/"},{"@type":"ListItem","position":2,"name":"Inspections et \u00e9valuations"}]}]}},"_links":{"self":[{"href":"https:\/\/www.vanwijkwerkendam.com\/fr\/wp-json\/wp\/v2\/pages\/4410"}],"collection":[{"href":"https:\/\/www.vanwijkwerkendam.com\/fr\/wp-json\/wp\/v2\/pages"}],"about":[{"href":"https:\/\/www.vanwijkwerkendam.com\/fr\/wp-json\/wp\/v2\/types\/page"}],"author":[{"embeddable":true,"href":"https:\/\/www.vanwijkwerkendam.com\/fr\/wp-json\/wp\/v2\/users\/1"}],"replies":[{"embeddable":true,"href":"https:\/\/www.vanwijkwerkendam.com\/fr\/wp-json\/wp\/v2\/comments?post=4410"}],"version-history":[{"count":7,"href":"https:\/\/www.vanwijkwerkendam.com\/fr\/wp-json\/wp\/v2\/pages\/4410\/revisions"}],"predecessor-version":[{"id":4704,"href":"https:\/\/www.vanwijkwerkendam.com\/fr\/wp-json\/wp\/v2\/pages\/4410\/revisions\/4704"}],"wp:attachment":[{"href":"https:\/\/www.vanwijkwerkendam.com\/fr\/wp-json\/wp\/v2\/media?parent=4410"}],"curies":[{"name":"wp","href":"https:\/\/api.w.org\/{rel}","templated":true}]}}