{"id":4515,"date":"2022-02-08T15:23:51","date_gmt":"2022-02-08T14:23:51","guid":{"rendered":"https:\/\/www.vanwijkwerkendam.com\/steuerhaeuser\/"},"modified":"2022-02-09T09:37:37","modified_gmt":"2022-02-09T08:37:37","slug":"steuerhaeuser","status":"publish","type":"page","link":"https:\/\/www.vanwijkwerkendam.com\/de\/steuerhaeuser\/","title":{"rendered":"Steuerh\u00e4user"},"content":{"rendered":"<p><div class=\"fusion-fullwidth fullwidth-box fusion-builder-row-1 fusion-parallax-none nonhundred-percent-fullwidth non-hundred-percent-height-scrolling\" style=\"background-color: rgba(255,255,255,0);background-image: url(&quot;https:\/\/vanwijkwerkendam.nl\/wp-content\/uploads\/2020\/02\/Van-Wijk-1.jpg&quot;);background-position: center center;background-repeat: no-repeat;padding-top:50px;padding-right:0px;padding-bottom:50px;padding-left:0px;margin-bottom: 0px;margin-top: 0px;border-width: 0px 0px 0px 0px;border-color:#eae9e9;border-style:solid;-webkit-background-size:cover;-moz-background-size:cover;-o-background-size:cover;background-size:cover;\" ><div class=\"fusion-builder-row fusion-row\"><div class=\"fusion-layout-column fusion_builder_column fusion-builder-column-0 fusion_builder_column_1_1 1_1 fusion-one-full fusion-column-first fusion-column-last\" style=\"margin-top:0px;margin-bottom:0px;\"><div class=\"fusion-column-wrapper fusion-flex-column-wrapper-legacy\" style=\"background-position:left top;background-repeat:no-repeat;-webkit-background-size:cover;-moz-background-size:cover;-o-background-size:cover;background-size:cover;padding: 0px 0px 0px 0px;\"><div class=\"fusion-sep-clear\"><\/div><div class=\"fusion-separator fusion-no-small-visibility fusion-no-medium-visibility fusion-full-width-sep\" style=\"margin-left: auto;margin-right: auto;margin-top:200px;width:100%;\"><\/div><div class=\"fusion-sep-clear\"><\/div><style type=\"text\/css\"><\/style><div class=\"fusion-title title fusion-title-1 fusion-sep-none fusion-title-text fusion-title-size-one\" style=\"margin-top:0px;margin-right:0px;margin-bottom:10px;margin-left:0px;\"><h1 class=\"title-heading-left fusion-responsive-typography-calculated\" style=\"margin:0;--fontSize:34;line-height:1.40;\"><h1 style=\"text-align: center;\"><span style=\"color: #ffffff;\">STEUERH\u00c4USER<\/span><\/h1><\/h1><\/div><div class=\"fusion-sep-clear\"><\/div><div class=\"fusion-separator fusion-no-small-visibility fusion-no-medium-visibility fusion-full-width-sep\" style=\"margin-left: auto;margin-right: auto;margin-top:100px;width:100%;\"><\/div><div class=\"fusion-sep-clear\"><\/div><div class=\"fusion-clearfix\"><\/div><\/div><\/div><div class=\"fusion-layout-column fusion_builder_column fusion-builder-column-1 fusion_builder_column_1_1 1_1 fusion-one-full fusion-column-first fusion-column-last fusion-no-small-visibility fusion-no-medium-visibility\" style=\"margin-top:0px;margin-bottom:0px;\"><div class=\"fusion-column-wrapper fusion-flex-column-wrapper-legacy\" style=\"background-position:left top;background-repeat:no-repeat;-webkit-background-size:cover;-moz-background-size:cover;-o-background-size:cover;background-size:cover;padding: 0px 0px 0px 0px;\"><div class=\"fusion-clearfix\"><\/div><\/div><\/div><\/div><\/div><div class=\"fusion-fullwidth fullwidth-box fusion-builder-row-2 nonhundred-percent-fullwidth non-hundred-percent-height-scrolling\" style=\"background-color: #fed03d;background-position: left top;background-repeat: no-repeat;padding-top:50px;padding-right:0px;padding-bottom:50px;padding-left:0px;margin-bottom: 0px;margin-top: 0px;border-width: 0px 0px 0px 0px;border-color:#eae9e9;border-style:solid;\" ><div class=\"fusion-builder-row fusion-row\"><div class=\"fusion-layout-column fusion_builder_column fusion-builder-column-2 fusion_builder_column_1_1 1_1 fusion-one-full fusion-column-first fusion-column-last\" style=\"margin-top:0px;margin-bottom:0px;\"><div class=\"fusion-column-wrapper fusion-flex-column-wrapper-legacy\" style=\"background-position:left top;background-repeat:no-repeat;-webkit-background-size:cover;-moz-background-size:cover;-o-background-size:cover;background-size:cover;padding: 0px 0px 0px 0px;\"><div class=\"fusion-text fusion-text-1\"><h2 style=\"font-weight: 300; text-align: center;\">Haben Sie ein Projekt, bei dem wir Ihnen helfen k\u00f6nnen?<\/h2>\n<\/div><div class=\"fusion-clearfix\"><\/div><\/div><\/div><\/div><\/div><div class=\"fusion-fullwidth fullwidth-box fusion-builder-row-3 nonhundred-percent-fullwidth non-hundred-percent-height-scrolling\" style=\"background-color: #ffffff;background-position: left top;background-repeat: no-repeat;padding-top:0px;padding-right:0px;padding-bottom:20px;padding-left:0px;margin-bottom: 0px;margin-top: 0px;border-width: 0px 0px 0px 0px;border-color:#eae9e9;border-style:solid;\" ><div class=\"fusion-builder-row fusion-row\"><div class=\"fusion-layout-column fusion_builder_column fusion-builder-column-3 fusion_builder_column_1_1 1_1 fusion-one-full fusion-column-first fusion-column-last\" style=\"margin-top:-22px;margin-bottom:0px;\"><div class=\"fusion-column-wrapper fusion-flex-column-wrapper-legacy\" style=\"background-position:left top;background-repeat:no-repeat;-webkit-background-size:cover;-moz-background-size:cover;-o-background-size:cover;background-size:cover;padding: 0px 0px 0px 0px;\"><div class=\"fusion-aligncenter\"><style type=\"text\/css\">.fusion-button.button-1 .fusion-button-text, .fusion-button.button-1 i {color:#ffffff;}.fusion-button.button-1 .fusion-button-icon-divider{border-color:#ffffff;}.fusion-button.button-1:hover .fusion-button-text, .fusion-button.button-1:hover i,.fusion-button.button-1:focus .fusion-button-text, .fusion-button.button-1:focus i,.fusion-button.button-1:active .fusion-button-text, .fusion-button.button-1:active{color:#333333;}.fusion-button.button-1:hover .fusion-button-icon-divider, .fusion-button.button-1:hover .fusion-button-icon-divider, .fusion-button.button-1:active .fusion-button-icon-divider{border-color:#333333;}.fusion-button.button-1:hover, .fusion-button.button-1:focus, .fusion-button.button-1:active{border-color:#333333;}.fusion-button.button-1 {border-color:#ffffff;border-radius:4px;}.fusion-button.button-1{background: #333333;}.fusion-button.button-1:hover,.button-1:focus,.fusion-button.button-1:active{background: #ffffff;}<\/style><a class=\"fusion-button button-flat fusion-button-default-size button-custom button-1 fusion-button-default-span fusion-button-default-type dark-button\" target=\"_self\" href=\"https:\/\/www.vanwijkwerkendam.com\/de\/kontakt\/\" id=\"offerteaanvraagstuurhuizen\"><span class=\"fusion-button-text\">Fordern Sie ein Angebot an!<\/span><\/a><\/div><div class=\"fusion-clearfix\"><\/div><\/div><\/div><\/div><\/div><div class=\"fusion-fullwidth fullwidth-box fusion-builder-row-4 nonhundred-percent-fullwidth non-hundred-percent-height-scrolling\" style=\"background-color: rgba(255,255,255,0);background-position: left top;background-repeat: no-repeat;padding-top:50px;padding-right:0px;padding-bottom:25px;padding-left:0px;margin-bottom: 0px;margin-top: 0px;border-width: 0px 0px 0px 0px;border-color:#eae9e9;border-style:solid;\" ><div class=\"fusion-builder-row fusion-row\"><div class=\"fusion-layout-column fusion_builder_column fusion-builder-column-4 fusion_builder_column_1_2 1_2 fusion-one-half fusion-column-first\" style=\"width:50%;width:calc(50% - ( ( 8% ) * 0.5 ) );margin-right: 8%;margin-top:2%;margin-bottom:10px;\"><div class=\"fusion-column-wrapper fusion-flex-column-wrapper-legacy\" style=\"background-position:left top;background-repeat:no-repeat;-webkit-background-size:cover;-moz-background-size:cover;-o-background-size:cover;background-size:cover;padding: 0px 0px 0px 0px;\"><div class=\"fusion-text fusion-text-2\"><h2 style=\"font-weight: 300;\">Steuerh\u00e4user<\/h2>\n<\/div><div class=\"fusion-sep-clear\"><\/div><div class=\"fusion-separator fusion-clearfix\" style=\"float:left;margin-top:0px;margin-bottom:30px;width:100%;max-width:30px;\"><div class=\"fusion-separator-border sep-single sep-solid\" style=\"border-color:#fed03d;border-top-width:2px;\"><\/div><\/div><div class=\"fusion-sep-clear\"><\/div><div class=\"fusion-text fusion-text-3\"><p><strong>Reparatur Steuerhaus, Austausch Steuerhaus, \u00dcberholung Steuerhaus, Inspektion Steuerhaus, Inspektion Hubs\u00e4ule und Reparatur Hubs\u00e4ule<\/strong><\/p>\n<p>Die Machinefabriek en scheepsreparatiebedrijf Van Wijk BV Werkendam fertigt f\u00fcr die Binnenschifffahrt und die maritime Industrie neben gro\u00dfen Schiffskomponenten wie Steuerh\u00e4user und Hubs\u00e4ulen auch Bugstrahlruder, Spudmasten und Winden. In Zusammenarbeit mit der Firma Stuurhuizen B.V., welche die Aluminiumaufbauten perfekt herstellt, werden die Steuerh\u00e4user nach den Vorgaben und Ma\u00dfen des Kunden gefertigt.<br \/>\nDie Steuerh\u00e4user k\u00f6nnen \u00fcberh\u00e4ngend oder nicht \u00fcberh\u00e4ngend sein und auf verschiedene H\u00f6hen erweitert werden (je nach Anforderungen des Schiffes), je nach Fahrgebiet und je nach Kunde. Die Steuerh\u00e4user sind solide, sch\u00f6n und entsprechen den h\u00f6chsten Sicherheitsanforderungen. Es gibt verschiedene Arten von Steuerh\u00e4usen. Von rechteckig \u00fcber trapezf\u00f6rmig bis hin zum T-Modell ist fast alles m\u00f6glich. Ob aufgrund eines Unfallschadens oder ver\u00e4nderter Anforderungen, ein Steuerhaus kann ersetzt oder repariert werden. Unsere Mechaniker tun dies sowohl an unserem ger\u00e4umigen Kai in Werkendam als auch an Standorten im In- und Ausland, falls erforderlich oder gew\u00fcnscht.<br \/>\nIn regelm\u00e4\u00dfigen Abst\u00e4nden ist eine \u00dcberholung der Hubs\u00e4ule oder des Steuerhauses sinnvoll oder notwendig. Die Hubs\u00e4ule und\/oder das Steuerhaus m\u00fcssen in regelm\u00e4\u00dfigen Abst\u00e4nden \u00fcberpr\u00fcft oder getestet werden. Bei Van Wijk Werkendam sind Sie an der richtigen Adresse f\u00fcr eine solche Inspektion. Sie k\u00f6nnen aber auch zur Pr\u00fcfung, zum Austausch, zur \u00dcberholung, zum Service, zur Inspektion oder zur Untersuchung Ihres Steuerhauses zu uns kommen. Setzen Sie sich mit Van Wijk in Verbindung und wir werden das f\u00fcr Sie regeln. Wir pr\u00fcfen sowohl eigene S\u00e4ulen als auch Fremdfabrikate. Van Wijk BV arbeitet mit allen Klassifikationsgesellschaften zusammen. Seit Jahrzehnten verf\u00fcgen wir \u00fcber das Wissen und das Know-How von Steuerh\u00e4user und Hubs\u00e4ulen. Z\u00f6gern Sie also nicht, uns bei Fragen zu kontaktieren.<br \/>\nNeben Reparaturen, Inspektionen und Kontrollen von Hubs\u00e4ulen und Steuerh\u00e4user ist die Machinefabriek en scheepsreparatiebedrijf Van Wijk BV Werkendam auch die richtige Adresse f\u00fcr Reparaturen an Bugstrahlruder, Spudmasten und Winden.<\/p>\n<\/div><div class=\"fusion-clearfix\"><\/div><\/div><\/div><div class=\"fusion-layout-column fusion_builder_column fusion-builder-column-5 fusion_builder_column_1_2 1_2 fusion-one-half fusion-column-last\" style=\"width:50%;width:calc(50% - ( ( 8% ) * 0.5 ) );margin-top:2%;margin-bottom:10px;\"><div class=\"fusion-column-wrapper fusion-flex-column-wrapper-legacy\" style=\"background-position:left top;background-repeat:no-repeat;-webkit-background-size:cover;-moz-background-size:cover;-o-background-size:cover;background-size:cover;padding: 0px 0px 0px 0px;\"><div class=\"fusion-text fusion-text-4\"><h2 style=\"font-weight: 300;\">Funktionen<\/h2>\n<\/div><div class=\"fusion-sep-clear\"><\/div><div class=\"fusion-separator fusion-clearfix\" style=\"float:left;margin-top:0px;margin-bottom:38px;width:100%;max-width:30px;\"><div class=\"fusion-separator-border sep-single sep-solid\" style=\"border-color:#fed03d;border-top-width:2px;\"><\/div><\/div><div class=\"fusion-sep-clear\"><\/div><div class=\"fusion-text fusion-text-5\"><h6><strong>ALUMINIUMAUFBAU<br \/>\n<\/strong><\/h6>\n<p>\u2022 Bestehend aus Aluminiumprofilen mit thermischer Trennung.<br \/>\n\u2022 Alle Profile hochgl\u00e4nzend eloxiert<br \/>\n\u2022 Geschwei\u00dftes Aluminiumdach<br \/>\n\u2022 Ein Abflussrohr an jeder Ecke<br \/>\n\u2022 M\u00f6glichkeit zur Entw\u00e4sserung nach innen durch den Bogen<br \/>\n\u2022 Steuerhaus innen und au\u00dfen mit abgerundeten Ecken.<br \/>\n\u2022 Nur mit Sicherheitsglas ausgestattet.<br \/>\n\u2022 Runde Glasleisten<br \/>\n\u2022 Front ohne S\u00e4ulen (Panoramafenster)<\/p>\n<\/div><div class=\"fusion-clearfix\"><\/div><\/div><\/div><\/div><\/div><div class=\"fusion-fullwidth fullwidth-box fusion-builder-row-5 nonhundred-percent-fullwidth non-hundred-percent-height-scrolling\" style=\"background-color: rgba(255,255,255,0);background-position: left top;background-repeat: no-repeat;padding-top:25px;padding-right:0px;padding-bottom:100px;padding-left:0px;margin-bottom: 0px;margin-top: 0px;border-width: 0px 0px 0px 0px;border-color:#eae9e9;border-style:solid;\" ><div class=\"fusion-builder-row fusion-row\"><div class=\"fusion-layout-column fusion_builder_column fusion-builder-column-6 fusion_builder_column_2_3 2_3 fusion-two-third fusion-column-first\" style=\"width:65.3333%; margin-right: 4%;margin-top:0px;margin-bottom:28px;\"><div class=\"fusion-column-wrapper fusion-flex-column-wrapper-legacy\" style=\"background-position:left top;background-repeat:no-repeat;-webkit-background-size:cover;-moz-background-size:cover;-o-background-size:cover;background-size:cover;padding: 0px 0px 0px 0px;\"><div class=\"imageframe-liftup\"><span class=\" fusion-imageframe imageframe-none imageframe-1\"><a href=\"https:\/\/www.vanwijkwerkendam.com\/wp-content\/uploads\/2017\/08\/stuurhuizen.jpg\" class=\"fusion-lightbox\" data-rel=\"iLightbox[florida]\" data-title=\"stuurhuizen\" title=\"stuurhuizen\"><img width=\"512\" height=\"384\" alt=\"Steuerh\u00e4user auf einem Binnenschiff\" src=\"https:\/\/www.vanwijkwerkendam.com\/wp-content\/uploads\/2017\/08\/stuurhuizen.jpg\" class=\"img-responsive wp-image-4868\" srcset=\"https:\/\/www.vanwijkwerkendam.com\/wp-content\/uploads\/2017\/08\/stuurhuizen-200x150.jpg 200w, https:\/\/www.vanwijkwerkendam.com\/wp-content\/uploads\/2017\/08\/stuurhuizen-400x300.jpg 400w, https:\/\/www.vanwijkwerkendam.com\/wp-content\/uploads\/2017\/08\/stuurhuizen.jpg 512w\" sizes=\"(max-width: 800px) 100vw, 512px\" \/><\/a><\/span><\/div><div class=\"fusion-clearfix\"><\/div><\/div><\/div><div class=\"fusion-layout-column fusion_builder_column fusion-builder-column-7 fusion_builder_column_1_3 1_3 fusion-one-third fusion-column-last\" style=\"width:30.6666%;margin-top:0px;margin-bottom:0px;\"><div class=\"fusion-column-wrapper fusion-flex-column-wrapper-legacy\" style=\"background-position:left top;background-repeat:no-repeat;-webkit-background-size:cover;-moz-background-size:cover;-o-background-size:cover;background-size:cover;padding: 0px 0px 0px 0px;\"><div class=\"imageframe-liftup\"><span class=\" fusion-imageframe imageframe-none imageframe-2\"><a class=\"fusion-lightbox\" data-rel=\"iLightbox[florida]\" data-title=\"stuurhuizen\" title=\"stuurhuizen\"><\/a><\/span><\/div><div class=\"fusion-sep-clear\"><\/div><div class=\"fusion-separator fusion-full-width-sep\" style=\"margin-left: auto;margin-right: auto;margin-top:28px;width:100%;\"><\/div><div class=\"fusion-sep-clear\"><\/div><div class=\"imageframe-liftup\"><span class=\" fusion-imageframe imageframe-none imageframe-3\"><a class=\"fusion-lightbox\" data-rel=\"iLightbox[florida]\" data-title=\"stuurhuizen\" title=\"stuurhuizen\"><\/a><\/span><\/div><div class=\"fusion-clearfix\"><\/div><\/div><\/div><\/div><\/div><div class=\"fusion-fullwidth fullwidth-box fusion-builder-row-6 nonhundred-percent-fullwidth non-hundred-percent-height-scrolling\" style=\"background-color: rgba(255,255,255,0);background-position: center center;background-repeat: no-repeat;padding-top:0px;padding-right:0px;padding-bottom:0px;padding-left:0px;margin-bottom: 0px;margin-top: 0px;border-width: 0px 0px 0px 0px;border-color:#eae9e9;border-style:solid;\" ><div class=\"fusion-builder-row fusion-row\"><div class=\"fusion-layout-column fusion_builder_column fusion-builder-column-8 fusion_builder_column_1_1 1_1 fusion-one-full fusion-column-first fusion-column-last\" style=\"margin-top:2%;margin-bottom:10px;\"><div class=\"fusion-column-wrapper fusion-flex-column-wrapper-legacy\" style=\"background-position:left top;background-repeat:no-repeat;-webkit-background-size:cover;-moz-background-size:cover;-o-background-size:cover;background-size:cover;padding: 0px 0px 0px 0px;\"><div class=\"fusion-text fusion-text-6\"><h2>Produkte<\/h2>\n<\/div><div class=\"fusion-sep-clear\"><\/div><div class=\"fusion-separator fusion-clearfix\" style=\"float:left;margin-top:0px;margin-bottom:38px;width:100%;max-width:30px;\"><div class=\"fusion-separator-border sep-single sep-solid\" style=\"border-color:#fed03d;border-top-width:2px;\"><\/div><\/div><div class=\"fusion-sep-clear\"><\/div><div class=\"fusion-widget-area fusion-widget-area-1 fusion-content-widget-area\"><style type=\"text\/css\">.fusion-widget-area-1 {padding:0px 0px 0px 0px;}.fusion-widget-area-1 .widget h4 {color:#333333;}.fusion-widget-area-1 .widget .heading h4 {color:#333333;}.fusion-widget-area-1 .widget h4 {font-size:18px;}.fusion-widget-area-1 .widget .heading h4 {font-size:18px;}<\/style><section id=\"recent_works-widget-3\" class=\"fusion-slidingbar-widget-column widget recent_works\" style=\"border-style: solid;border-color:transparent;border-width:0px;\">\n\t\t<div class=\"recent-works-items clearfix\">\n\t\t\t\n\t\t\t\t\t\t\t\t<\/div>\n\t\t<div style=\"clear:both;\"><\/div><\/section><div class=\"fusion-additional-widget-content\"><\/div><\/div><div class=\"fusion-clearfix\"><\/div><\/div><\/div><\/div><\/div><\/p>\n","protected":false},"excerpt":{"rendered":"","protected":false},"author":1,"featured_media":0,"parent":0,"menu_order":0,"comment_status":"closed","ping_status":"closed","template":"100-width.php","meta":[],"yoast_head":"<!-- This site is optimized with the Yoast SEO plugin v17.8 - https:\/\/yoast.com\/wordpress\/plugins\/seo\/ -->\n<title>Steuerh\u00e4user - Van Wijk BV<\/title>\n<meta name=\"description\" content=\"Steuerh\u00e4user - Van Wijk BV\" \/>\n<meta name=\"robots\" content=\"index, follow, max-snippet:-1, max-image-preview:large, max-video-preview:-1\" \/>\n<link rel=\"canonical\" href=\"https:\/\/www.vanwijkwerkendam.com\/de\/stuurhuizen\/\" \/>\n<meta property=\"og:locale\" content=\"de_DE\" \/>\n<meta property=\"og:type\" content=\"article\" \/>\n<meta property=\"og:title\" content=\"Steuerh\u00e4user - Van Wijk BV\" \/>\n<meta property=\"og:description\" content=\"Steuerh\u00e4user - Van Wijk BV\" \/>\n<meta property=\"og:url\" content=\"https:\/\/www.vanwijkwerkendam.com\/stuurhuizen\/\" \/>\n<meta property=\"og:site_name\" content=\"Van Wijk BV\" \/>\n<meta property=\"article:publisher\" content=\"https:\/\/www.facebook.com\/Van-Wijk-BV-482682265579232\/\" \/>\n<meta property=\"article:modified_time\" content=\"2022-02-09T08:37:37+00:00\" \/>\n<meta name=\"twitter:card\" content=\"summary_large_image\" \/>\n<meta name=\"twitter:label1\" content=\"Gesch\u00e4tzte Lesezeit\" \/>\n\t<meta name=\"twitter:data1\" content=\"11\u00a0Minuten\" \/>\n<script type=\"application\/ld+json\" class=\"yoast-schema-graph\">{\"@context\":\"https:\/\/schema.org\",\"@graph\":[{\"@type\":\"Organization\",\"@id\":\"https:\/\/www.vanwijkwerkendam.com\/#organization\",\"name\":\"Van Wijk\",\"url\":\"https:\/\/www.vanwijkwerkendam.com\/\",\"sameAs\":[\"https:\/\/www.facebook.com\/Van-Wijk-BV-482682265579232\/\"],\"logo\":{\"@type\":\"ImageObject\",\"@id\":\"https:\/\/www.vanwijkwerkendam.com\/#logo\",\"inLanguage\":\"de\",\"url\":\"https:\/\/www.vanwijkwerkendam.com\/wp-content\/uploads\/2020\/04\/favicon-retina1.png\",\"contentUrl\":\"https:\/\/www.vanwijkwerkendam.com\/wp-content\/uploads\/2020\/04\/favicon-retina1.png\",\"width\":144,\"height\":144,\"caption\":\"Van Wijk\"},\"image\":{\"@id\":\"https:\/\/www.vanwijkwerkendam.com\/#logo\"}},{\"@type\":\"WebSite\",\"@id\":\"https:\/\/www.vanwijkwerkendam.com\/#website\",\"url\":\"https:\/\/www.vanwijkwerkendam.com\/\",\"name\":\"Van Wijk BV\",\"description\":\"Scheepsreparatiebedrijf\",\"publisher\":{\"@id\":\"https:\/\/www.vanwijkwerkendam.com\/#organization\"},\"potentialAction\":[{\"@type\":\"SearchAction\",\"target\":{\"@type\":\"EntryPoint\",\"urlTemplate\":\"https:\/\/www.vanwijkwerkendam.com\/?s={search_term_string}\"},\"query-input\":\"required name=search_term_string\"}],\"inLanguage\":\"de\"},{\"@type\":\"WebPage\",\"@id\":\"https:\/\/www.vanwijkwerkendam.com\/stuurhuizen\/#webpage\",\"url\":\"https:\/\/www.vanwijkwerkendam.com\/stuurhuizen\/\",\"name\":\"Steuerh\\u00e4user - Van Wijk BV\",\"isPartOf\":{\"@id\":\"https:\/\/www.vanwijkwerkendam.com\/#website\"},\"datePublished\":\"2022-02-08T14:23:51+00:00\",\"dateModified\":\"2022-02-09T08:37:37+00:00\",\"description\":\"Steuerh\\u00e4user - Van Wijk BV\",\"breadcrumb\":{\"@id\":\"https:\/\/www.vanwijkwerkendam.com\/stuurhuizen\/#breadcrumb\"},\"inLanguage\":\"de\",\"potentialAction\":[{\"@type\":\"ReadAction\",\"target\":[\"https:\/\/www.vanwijkwerkendam.com\/stuurhuizen\/\"]}]},{\"@type\":\"BreadcrumbList\",\"@id\":\"https:\/\/www.vanwijkwerkendam.com\/stuurhuizen\/#breadcrumb\",\"itemListElement\":[{\"@type\":\"ListItem\",\"position\":1,\"name\":\"Home\",\"item\":\"https:\/\/www.vanwijkwerkendam.com\/\"},{\"@type\":\"ListItem\",\"position\":2,\"name\":\"Steuerh\\u00e4user\"}]}]}<\/script>\n<!-- \/ Yoast SEO plugin. -->","yoast_head_json":{"title":"Steuerh\u00e4user - Van Wijk BV","description":"Steuerh\u00e4user - Van Wijk BV","robots":{"index":"index","follow":"follow","max-snippet":"max-snippet:-1","max-image-preview":"max-image-preview:large","max-video-preview":"max-video-preview:-1"},"canonical":"https:\/\/www.vanwijkwerkendam.com\/de\/stuurhuizen\/","og_locale":"de_DE","og_type":"article","og_title":"Steuerh\u00e4user - Van Wijk BV","og_description":"Steuerh\u00e4user - Van Wijk BV","og_url":"https:\/\/www.vanwijkwerkendam.com\/stuurhuizen\/","og_site_name":"Van Wijk BV","article_publisher":"https:\/\/www.facebook.com\/Van-Wijk-BV-482682265579232\/","article_modified_time":"2022-02-09T08:37:37+00:00","twitter_card":"summary_large_image","twitter_misc":{"Gesch\u00e4tzte Lesezeit":"11\u00a0Minuten"},"schema":{"@context":"https:\/\/schema.org","@graph":[{"@type":"Organization","@id":"https:\/\/www.vanwijkwerkendam.com\/#organization","name":"Van Wijk","url":"https:\/\/www.vanwijkwerkendam.com\/","sameAs":["https:\/\/www.facebook.com\/Van-Wijk-BV-482682265579232\/"],"logo":{"@type":"ImageObject","@id":"https:\/\/www.vanwijkwerkendam.com\/#logo","inLanguage":"de","url":"https:\/\/www.vanwijkwerkendam.com\/wp-content\/uploads\/2020\/04\/favicon-retina1.png","contentUrl":"https:\/\/www.vanwijkwerkendam.com\/wp-content\/uploads\/2020\/04\/favicon-retina1.png","width":144,"height":144,"caption":"Van Wijk"},"image":{"@id":"https:\/\/www.vanwijkwerkendam.com\/#logo"}},{"@type":"WebSite","@id":"https:\/\/www.vanwijkwerkendam.com\/#website","url":"https:\/\/www.vanwijkwerkendam.com\/","name":"Van Wijk BV","description":"Scheepsreparatiebedrijf","publisher":{"@id":"https:\/\/www.vanwijkwerkendam.com\/#organization"},"potentialAction":[{"@type":"SearchAction","target":{"@type":"EntryPoint","urlTemplate":"https:\/\/www.vanwijkwerkendam.com\/?s={search_term_string}"},"query-input":"required name=search_term_string"}],"inLanguage":"de"},{"@type":"WebPage","@id":"https:\/\/www.vanwijkwerkendam.com\/stuurhuizen\/#webpage","url":"https:\/\/www.vanwijkwerkendam.com\/stuurhuizen\/","name":"Steuerh\u00e4user - Van Wijk BV","isPartOf":{"@id":"https:\/\/www.vanwijkwerkendam.com\/#website"},"datePublished":"2022-02-08T14:23:51+00:00","dateModified":"2022-02-09T08:37:37+00:00","description":"Steuerh\u00e4user - Van Wijk BV","breadcrumb":{"@id":"https:\/\/www.vanwijkwerkendam.com\/stuurhuizen\/#breadcrumb"},"inLanguage":"de","potentialAction":[{"@type":"ReadAction","target":["https:\/\/www.vanwijkwerkendam.com\/stuurhuizen\/"]}]},{"@type":"BreadcrumbList","@id":"https:\/\/www.vanwijkwerkendam.com\/stuurhuizen\/#breadcrumb","itemListElement":[{"@type":"ListItem","position":1,"name":"Home","item":"https:\/\/www.vanwijkwerkendam.com\/"},{"@type":"ListItem","position":2,"name":"Steuerh\u00e4user"}]}]}},"_links":{"self":[{"href":"https:\/\/www.vanwijkwerkendam.com\/de\/wp-json\/wp\/v2\/pages\/4515"}],"collection":[{"href":"https:\/\/www.vanwijkwerkendam.com\/de\/wp-json\/wp\/v2\/pages"}],"about":[{"href":"https:\/\/www.vanwijkwerkendam.com\/de\/wp-json\/wp\/v2\/types\/page"}],"author":[{"embeddable":true,"href":"https:\/\/www.vanwijkwerkendam.com\/de\/wp-json\/wp\/v2\/users\/1"}],"replies":[{"embeddable":true,"href":"https:\/\/www.vanwijkwerkendam.com\/de\/wp-json\/wp\/v2\/comments?post=4515"}],"version-history":[{"count":7,"href":"https:\/\/www.vanwijkwerkendam.com\/de\/wp-json\/wp\/v2\/pages\/4515\/revisions"}],"predecessor-version":[{"id":4615,"href":"https:\/\/www.vanwijkwerkendam.com\/de\/wp-json\/wp\/v2\/pages\/4515\/revisions\/4615"}],"wp:attachment":[{"href":"https:\/\/www.vanwijkwerkendam.com\/de\/wp-json\/wp\/v2\/media?parent=4515"}],"curies":[{"name":"wp","href":"https:\/\/api.w.org\/{rel}","templated":true}]}}