{"id":4505,"date":"2022-02-08T15:18:11","date_gmt":"2022-02-08T14:18:11","guid":{"rendered":"https:\/\/www.vanwijkwerkendam.com\/spud-masten\/"},"modified":"2022-02-09T09:34:45","modified_gmt":"2022-02-09T08:34:45","slug":"spud-masten","status":"publish","type":"page","link":"https:\/\/www.vanwijkwerkendam.com\/de\/spud-masten\/","title":{"rendered":"Spud Masten"},"content":{"rendered":"<p><div class=\"fusion-fullwidth fullwidth-box fusion-builder-row-1 fusion-parallax-none nonhundred-percent-fullwidth non-hundred-percent-height-scrolling\" style=\"background-color: rgba(255,255,255,0);background-image: url(&quot;https:\/\/vanwijkwerkendam.nl\/wp-content\/uploads\/2020\/02\/Van-Wijk-1.jpg&quot;);background-position: center center;background-repeat: no-repeat;padding-top:50px;padding-right:0px;padding-bottom:50px;padding-left:0px;margin-bottom: 0px;margin-top: 0px;border-width: 0px 0px 0px 0px;border-color:#eae9e9;border-style:solid;-webkit-background-size:cover;-moz-background-size:cover;-o-background-size:cover;background-size:cover;\" ><div class=\"fusion-builder-row fusion-row\"><div class=\"fusion-layout-column fusion_builder_column fusion-builder-column-0 fusion_builder_column_1_1 1_1 fusion-one-full fusion-column-first fusion-column-last\" style=\"margin-top:0px;margin-bottom:0px;\"><div class=\"fusion-column-wrapper fusion-flex-column-wrapper-legacy\" style=\"background-position:left top;background-repeat:no-repeat;-webkit-background-size:cover;-moz-background-size:cover;-o-background-size:cover;background-size:cover;padding: 0px 0px 0px 0px;\"><div class=\"fusion-sep-clear\"><\/div><div class=\"fusion-separator fusion-no-small-visibility fusion-no-medium-visibility fusion-full-width-sep\" style=\"margin-left: auto;margin-right: auto;margin-top:200px;width:100%;\"><\/div><div class=\"fusion-sep-clear\"><\/div><style type=\"text\/css\"><\/style><div class=\"fusion-title title fusion-title-1 fusion-sep-none fusion-title-text fusion-title-size-one\" style=\"margin-top:0px;margin-right:0px;margin-bottom:10px;margin-left:0px;\"><h1 class=\"title-heading-left fusion-responsive-typography-calculated\" style=\"margin:0;--fontSize:34;line-height:1.40;\"><h1 style=\"text-align: center;\"><span style=\"color: #ffffff;\">SPUD MASTEN<\/span><\/h1><\/h1><\/div><div class=\"fusion-sep-clear\"><\/div><div class=\"fusion-separator fusion-no-small-visibility fusion-no-medium-visibility fusion-full-width-sep\" style=\"margin-left: auto;margin-right: auto;margin-top:100px;width:100%;\"><\/div><div class=\"fusion-sep-clear\"><\/div><div class=\"fusion-clearfix\"><\/div><\/div><\/div><div class=\"fusion-layout-column fusion_builder_column fusion-builder-column-1 fusion_builder_column_1_1 1_1 fusion-one-full fusion-column-first fusion-column-last fusion-no-small-visibility fusion-no-medium-visibility\" style=\"margin-top:0px;margin-bottom:0px;\"><div class=\"fusion-column-wrapper fusion-flex-column-wrapper-legacy\" style=\"background-position:left top;background-repeat:no-repeat;-webkit-background-size:cover;-moz-background-size:cover;-o-background-size:cover;background-size:cover;padding: 0px 0px 0px 0px;\"><div class=\"fusion-clearfix\"><\/div><\/div><\/div><\/div><\/div><div class=\"fusion-fullwidth fullwidth-box fusion-builder-row-2 nonhundred-percent-fullwidth non-hundred-percent-height-scrolling\" style=\"background-color: #fed03d;background-position: left top;background-repeat: no-repeat;padding-top:50px;padding-right:0px;padding-bottom:50px;padding-left:0px;margin-bottom: 0px;margin-top: 0px;border-width: 0px 0px 0px 0px;border-color:#eae9e9;border-style:solid;\" ><div class=\"fusion-builder-row fusion-row\"><div class=\"fusion-layout-column fusion_builder_column fusion-builder-column-2 fusion_builder_column_1_1 1_1 fusion-one-full fusion-column-first fusion-column-last\" style=\"margin-top:0px;margin-bottom:0px;\"><div class=\"fusion-column-wrapper fusion-flex-column-wrapper-legacy\" style=\"background-position:left top;background-repeat:no-repeat;-webkit-background-size:cover;-moz-background-size:cover;-o-background-size:cover;background-size:cover;padding: 0px 0px 0px 0px;\"><div class=\"fusion-text fusion-text-1\"><h2 style=\"font-weight: 300; text-align: center;\">Haben Sie ein Projekt, bei dem wir Ihnen helfen k\u00f6nnen?<\/h2>\n<\/div><div class=\"fusion-clearfix\"><\/div><\/div><\/div><\/div><\/div><div class=\"fusion-fullwidth fullwidth-box fusion-builder-row-3 nonhundred-percent-fullwidth non-hundred-percent-height-scrolling\" style=\"background-color: #ffffff;background-position: left top;background-repeat: no-repeat;padding-top:0px;padding-right:0px;padding-bottom:20px;padding-left:0px;margin-bottom: 0px;margin-top: 0px;border-width: 0px 0px 0px 0px;border-color:#eae9e9;border-style:solid;\" ><div class=\"fusion-builder-row fusion-row\"><div class=\"fusion-layout-column fusion_builder_column fusion-builder-column-3 fusion_builder_column_1_1 1_1 fusion-one-full fusion-column-first fusion-column-last\" style=\"margin-top:-22px;margin-bottom:0px;\"><div class=\"fusion-column-wrapper fusion-flex-column-wrapper-legacy\" style=\"background-position:left top;background-repeat:no-repeat;-webkit-background-size:cover;-moz-background-size:cover;-o-background-size:cover;background-size:cover;padding: 0px 0px 0px 0px;\"><div class=\"fusion-aligncenter\"><style type=\"text\/css\">.fusion-button.button-1 .fusion-button-text, .fusion-button.button-1 i {color:#ffffff;}.fusion-button.button-1 .fusion-button-icon-divider{border-color:#ffffff;}.fusion-button.button-1:hover .fusion-button-text, .fusion-button.button-1:hover i,.fusion-button.button-1:focus .fusion-button-text, .fusion-button.button-1:focus i,.fusion-button.button-1:active .fusion-button-text, .fusion-button.button-1:active{color:#333333;}.fusion-button.button-1:hover .fusion-button-icon-divider, .fusion-button.button-1:hover .fusion-button-icon-divider, .fusion-button.button-1:active .fusion-button-icon-divider{border-color:#333333;}.fusion-button.button-1:hover, .fusion-button.button-1:focus, .fusion-button.button-1:active{border-color:#333333;}.fusion-button.button-1 {border-color:#ffffff;border-radius:4px;}.fusion-button.button-1{background: #333333;}.fusion-button.button-1:hover,.button-1:focus,.fusion-button.button-1:active{background: #ffffff;}<\/style><a class=\"fusion-button button-flat fusion-button-default-size button-custom button-1 fusion-button-default-span fusion-button-default-type dark-button\" target=\"_self\" href=\"https:\/\/www.vanwijkwerkendam.com\/de\/kontakt\/\" id=\"offerteaanvraagspudpalen\"><span class=\"fusion-button-text\">Fordern Sie ein Angebot an!<\/span><\/a><\/div><div class=\"fusion-clearfix\"><\/div><\/div><\/div><\/div><\/div><div class=\"fusion-fullwidth fullwidth-box fusion-builder-row-4 nonhundred-percent-fullwidth non-hundred-percent-height-scrolling\" style=\"background-color: rgba(255,255,255,0);background-position: left top;background-repeat: no-repeat;padding-top:50px;padding-right:0px;padding-bottom:25px;padding-left:0px;margin-bottom: 0px;margin-top: 0px;border-width: 0px 0px 0px 0px;border-color:#eae9e9;border-style:solid;\" ><div class=\"fusion-builder-row fusion-row\"><div class=\"fusion-layout-column fusion_builder_column fusion-builder-column-4 fusion_builder_column_3_4 3_4 fusion-three-fourth fusion-column-first\" style=\"width:75%;width:calc(75% - ( ( 8% ) * 0.75 ) );margin-right: 8%;margin-top:2%;margin-bottom:10px;\"><div class=\"fusion-column-wrapper fusion-flex-column-wrapper-legacy\" style=\"background-position:left top;background-repeat:no-repeat;-webkit-background-size:cover;-moz-background-size:cover;-o-background-size:cover;background-size:cover;padding: 0px 0px 0px 0px;\"><div class=\"fusion-text fusion-text-2\"><h2>Schnelleres und sichereres Festmachen mit Spud Poles<\/h2>\n<p>Da Schiffe immer gr\u00f6\u00dfer werden und der Zeitdruck steigt, ist maximale Effizienz gefragt. Durch die Verwendung von Spud Poles wird das Festmachen Ihres Schiffes zu einem schnellen, sicheren und einfachen Vorgang. Der Vorteil von Spud Poles ist, dass sie extrem stabil sind und f\u00fcr eine extrem stabile Lage des Schiffes sorgen. Sie k\u00f6nnen auch an viel mehr Stellen anlegen als bisher.<\/p>\n<h2>Was ist ein Spud Pole?<\/h2>\n<p>Ein Spud Pole ist eine Stahlstange, die durch das Schiff verl\u00e4uft. Die Stange kann angehoben und abgesenkt werden, wodurch sich ein Schiff am Grund des Wassers sichern kann. Spud Poles d\u00fcrfen nur an ausgewiesenen Ankerpl\u00e4tzen oder an Orten verwendet werden, an denen eine ausdr\u00fcckliche Genehmigung f\u00fcr ihre Verwendung erteilt wurde oder wird. Eine praktische Bedingung f\u00fcr die Verwendung von Erdspie\u00dfen ist, dass das Wasser am Standort nicht tiefer ist als die Arbeitsl\u00e4nge des Erdspie\u00dfes oder die Einstecktiefe.<\/p>\n<h2>Teleskopstangen<\/h2>\n<p>Viele Binnenschiffe sind bereits mit unserem Ankerstangensystem ausgestattet. Van Wijk Spud Poles sind teleskopierbar mit einem bis vier ausziehbaren Rohren. Die Ankerstangen sollen das Festmachen erleichtern und ein Schiff flexibler machen. Ein Spud-Pole-System sorgt daf\u00fcr, dass Ihr Schiff eine stabile Position hat. Unsere Ankerstangen sind einziehbar und in das Schiff eingebaut. Die naheliegendste Wahl sind zwei Spud Poles; eine Ankerstange auf dem Vorderschiff und eine Ankerstange auf dem Achterschiff.<\/p>\n<p>Die Poller sind teleskopierbar. Mit einem Knopfdruck wird das System aktiviert und Sie k\u00f6nnen die Ankerstangen auf den Grund absenken, damit Ihr Schiff stabil und sicher steht. Alle Rohre gleiten gleichzeitig heraus. Wenn das \u00e4u\u00dfere Rohr den maximalen Anschlag erreicht, f\u00e4hrt das n\u00e4chste Rohr fort. Das kleinste Rohr hat spezielle Aussparungen f\u00fcr maximalen Halt auf verschiedenen Oberfl\u00e4chen.<\/p>\n<h2>Spud Poles mit Planetenhubmotor<\/h2>\n<p>Die Erdanker sind mit einem Planetenhubmotor mit hydraulischer Lamellenbremse und Hydromotor zum Antrieb des Erdankers ausgestattet. Am Getriebe ist eine kalibrierte Verschachtelungsscheibe montiert, die den Spud-Pol mit einer Kette und einem speziellen Hochleistungswirbel senkt und hebt. Die Anlage ist mit einer elektrischen Abschaltung f\u00fcr die untere und obere Position des Ankermastes ausgestattet. Wenn das Rohr die obere Position erreicht, f\u00e4llt es automatisch in eine hydraulische Sperrklinke, um es zu sichern.<\/p>\n<p>Der Antrieb ist mit einem Z\u00e4hlwerk ausgestattet. Dabei wird die L\u00e4nge der verl\u00e4ngerten Kette in Prozent oder Meter erfasst. Die Installation umfasst eine Hydraulikeinheit komplett mit Ventilen und einem elektrischen Steuerkasten. Die Einheit besteht aus einem 100-Liter-Tank mit Schauglas und R\u00fccklauf\u00f6lfilter, der mit einer Hydropumpe und einem 11-Kilowatt-Elektromotor ausgestattet ist.<\/p>\n<\/div><div class=\"fusion-clearfix\"><\/div><\/div><\/div><div class=\"fusion-layout-column fusion_builder_column fusion-builder-column-5 fusion_builder_column_1_4 1_4 fusion-one-fourth fusion-column-last\" style=\"width:25%;width:calc(25% - ( ( 8% ) * 0.25 ) );margin-top:2%;margin-bottom:10px;\"><div class=\"fusion-column-wrapper fusion-flex-column-wrapper-legacy\" style=\"background-position:left top;background-repeat:no-repeat;-webkit-background-size:cover;-moz-background-size:cover;-o-background-size:cover;background-size:cover;padding: 0px 0px 0px 0px;\"><div class=\"fusion-text fusion-text-3\"><h2 style=\"font-weight: 300;\">Details<\/h2>\n<\/div><div class=\"fusion-sep-clear\"><\/div><div class=\"fusion-separator fusion-clearfix\" style=\"float:left;margin-top:0px;margin-bottom:38px;width:100%;max-width:30px;\"><div class=\"fusion-separator-border sep-single sep-solid\" style=\"border-color:#fed03d;border-top-width:2px;\"><\/div><\/div><div class=\"fusion-sep-clear\"><\/div><div class=\"fusion-text fusion-text-4\"><h6><strong>SPUDMAST<\/strong><\/h6>\n<ul>\n<li>entspanntes Anlegen<\/li>\n<li>1 Spudmast vorne und 1 Spudmast hinten<\/li>\n<li>teleskopisch<\/li>\n<li>Planetengetriebe<\/li>\n<\/ul>\n<p>hydraulische Lamellenbremse<\/p>\n<p>Hydromotor<\/p>\n<ul>\n<li>elektrische Abschaltung<\/li>\n<\/ul>\n<\/div><div class=\"fusion-clearfix\"><\/div><\/div><\/div><\/div><\/div><div class=\"fusion-fullwidth fullwidth-box fusion-builder-row-5 nonhundred-percent-fullwidth non-hundred-percent-height-scrolling\" style=\"background-color: rgba(255,255,255,0);background-position: left top;background-repeat: no-repeat;padding-top:25px;padding-right:0px;padding-bottom:100px;padding-left:0px;margin-bottom: 0px;margin-top: 0px;border-width: 0px 0px 0px 0px;border-color:#eae9e9;border-style:solid;\" ><div class=\"fusion-builder-row fusion-row\"><div class=\"fusion-layout-column fusion_builder_column fusion-builder-column-6 fusion_builder_column_2_3 2_3 fusion-two-third fusion-column-first\" style=\"width:65.3333%; margin-right: 4%;margin-top:0px;margin-bottom:28px;\"><div class=\"fusion-column-wrapper fusion-flex-column-wrapper-legacy\" style=\"background-position:left top;background-repeat:no-repeat;-webkit-background-size:cover;-moz-background-size:cover;-o-background-size:cover;background-size:cover;padding: 0px 0px 0px 0px;\"><div class=\"imageframe-liftup\"><span class=\" fusion-imageframe imageframe-none imageframe-1\"><a href=\"https:\/\/www.vanwijkwerkendam.com\/wp-content\/uploads\/2017\/08\/spudpaal.jpg\" class=\"fusion-lightbox\" data-rel=\"iLightbox[florida]\" data-title=\"Spud Pole\" title=\"Spud Pole\"><img width=\"512\" height=\"385\" alt=\"Spud Pole f\u00fcr die Binnenschifffahrt\" src=\"https:\/\/www.vanwijkwerkendam.com\/wp-content\/uploads\/2017\/08\/spudpaal.jpg\" class=\"img-responsive wp-image-4862\" srcset=\"https:\/\/www.vanwijkwerkendam.com\/wp-content\/uploads\/2017\/08\/spudpaal-200x150.jpg 200w, https:\/\/www.vanwijkwerkendam.com\/wp-content\/uploads\/2017\/08\/spudpaal-400x301.jpg 400w, https:\/\/www.vanwijkwerkendam.com\/wp-content\/uploads\/2017\/08\/spudpaal.jpg 512w\" sizes=\"(max-width: 800px) 100vw, 512px\" \/><\/a><\/span><\/div><div class=\"fusion-clearfix\"><\/div><\/div><\/div><div class=\"fusion-layout-column fusion_builder_column fusion-builder-column-7 fusion_builder_column_1_3 1_3 fusion-one-third fusion-column-last\" style=\"width:30.6666%;margin-top:0px;margin-bottom:0px;\"><div class=\"fusion-column-wrapper fusion-flex-column-wrapper-legacy\" style=\"background-position:left top;background-repeat:no-repeat;-webkit-background-size:cover;-moz-background-size:cover;-o-background-size:cover;background-size:cover;padding: 0px 0px 0px 0px;\"><div class=\"imageframe-liftup\"><span class=\" fusion-imageframe imageframe-none imageframe-2\"><a href=\"https:\/\/www.vanwijkwerkendam.com\/wp-content\/uploads\/2017\/08\/spudpalen-e1582562868370.jpg\" class=\"fusion-lightbox\" data-rel=\"iLightbox[florida]\" data-title=\"spud Pole\" title=\"spud Pole\"><img width=\"1041\" height=\"1385\" alt=\"Spud Pole f\u00fcr die Binnenschifffahrt\" src=\"https:\/\/www.vanwijkwerkendam.com\/wp-content\/uploads\/2017\/08\/spudpalen-e1582562868370.jpg\" class=\"img-responsive wp-image-4863\" srcset=\"https:\/\/www.vanwijkwerkendam.com\/wp-content\/uploads\/2017\/08\/spudpalen-e1582562868370-200x266.jpg 200w, https:\/\/www.vanwijkwerkendam.com\/wp-content\/uploads\/2017\/08\/spudpalen-e1582562868370-400x532.jpg 400w, https:\/\/www.vanwijkwerkendam.com\/wp-content\/uploads\/2017\/08\/spudpalen-e1582562868370-600x798.jpg 600w, https:\/\/www.vanwijkwerkendam.com\/wp-content\/uploads\/2017\/08\/spudpalen-e1582562868370-800x1064.jpg 800w, https:\/\/www.vanwijkwerkendam.com\/wp-content\/uploads\/2017\/08\/spudpalen-e1582562868370.jpg 1041w\" sizes=\"(max-width: 800px) 100vw, 400px\" \/><\/a><\/span><\/div><div class=\"fusion-sep-clear\"><\/div><div class=\"fusion-separator fusion-full-width-sep\" style=\"margin-left: auto;margin-right: auto;margin-top:28px;width:100%;\"><\/div><div class=\"fusion-sep-clear\"><\/div><div class=\"imageframe-liftup\"><span class=\" fusion-imageframe imageframe-none imageframe-3\"><a class=\"fusion-lightbox\" data-rel=\"iLightbox[florida]\" data-title=\"spud Pole\" title=\"spud Pole\"><\/a><\/span><\/div><div class=\"fusion-clearfix\"><\/div><\/div><\/div><\/div><\/div><div class=\"fusion-fullwidth fullwidth-box fusion-builder-row-6 nonhundred-percent-fullwidth non-hundred-percent-height-scrolling\" style=\"background-color: rgba(255,255,255,0);background-position: center center;background-repeat: no-repeat;padding-top:0px;padding-right:0px;padding-bottom:0px;padding-left:0px;margin-bottom: 0px;margin-top: 0px;border-width: 0px 0px 0px 0px;border-color:#eae9e9;border-style:solid;\" ><div class=\"fusion-builder-row fusion-row\"><div class=\"fusion-layout-column fusion_builder_column fusion-builder-column-8 fusion_builder_column_1_1 1_1 fusion-one-full fusion-column-first fusion-column-last\" style=\"margin-top:2%;margin-bottom:10px;\"><div class=\"fusion-column-wrapper fusion-flex-column-wrapper-legacy\" style=\"background-position:left top;background-repeat:no-repeat;-webkit-background-size:cover;-moz-background-size:cover;-o-background-size:cover;background-size:cover;padding: 0px 0px 0px 0px;\"><div class=\"fusion-text fusion-text-5\"><h2>Produkte<\/h2>\n<\/div><div class=\"fusion-sep-clear\"><\/div><div class=\"fusion-separator fusion-clearfix\" style=\"float:left;margin-top:0px;margin-bottom:38px;width:100%;max-width:30px;\"><div class=\"fusion-separator-border sep-single sep-solid\" style=\"border-color:#fed03d;border-top-width:2px;\"><\/div><\/div><div class=\"fusion-sep-clear\"><\/div><div class=\"fusion-widget-area fusion-widget-area-1 fusion-content-widget-area\"><style type=\"text\/css\">.fusion-widget-area-1 {padding:0px 0px 0px 0px;}.fusion-widget-area-1 .widget h4 {color:#333333;}.fusion-widget-area-1 .widget .heading h4 {color:#333333;}.fusion-widget-area-1 .widget h4 {font-size:18px;}.fusion-widget-area-1 .widget .heading h4 {font-size:18px;}<\/style><section id=\"recent_works-widget-3\" class=\"fusion-slidingbar-widget-column widget recent_works\" style=\"border-style: solid;border-color:transparent;border-width:0px;\">\n\t\t<div class=\"recent-works-items clearfix\">\n\t\t\t\n\t\t\t\t\t\t\t\t<\/div>\n\t\t<div style=\"clear:both;\"><\/div><\/section><div class=\"fusion-additional-widget-content\"><\/div><\/div><div class=\"fusion-clearfix\"><\/div><\/div><\/div><\/div><\/div><\/p>\n","protected":false},"excerpt":{"rendered":"","protected":false},"author":10,"featured_media":0,"parent":0,"menu_order":0,"comment_status":"closed","ping_status":"closed","template":"100-width.php","meta":[],"yoast_head":"<!-- This site is optimized with the Yoast SEO plugin v17.8 - https:\/\/yoast.com\/wordpress\/plugins\/seo\/ -->\n<title>Spud Masten - Van Wijk BV<\/title>\n<meta name=\"description\" content=\"Spud Masten - Van Wijk BV\" \/>\n<meta name=\"robots\" content=\"index, follow, max-snippet:-1, max-image-preview:large, max-video-preview:-1\" \/>\n<link rel=\"canonical\" href=\"https:\/\/www.vanwijkwerkendam.com\/de\/spudpalen\/\" \/>\n<meta property=\"og:locale\" content=\"de_DE\" \/>\n<meta property=\"og:type\" content=\"article\" \/>\n<meta property=\"og:title\" content=\"Spud Masten - Van Wijk BV\" \/>\n<meta property=\"og:description\" content=\"Spud Masten - Van Wijk BV\" \/>\n<meta property=\"og:url\" content=\"https:\/\/www.vanwijkwerkendam.com\/spudpalen\/\" \/>\n<meta property=\"og:site_name\" content=\"Van Wijk BV\" \/>\n<meta property=\"article:publisher\" content=\"https:\/\/www.facebook.com\/Van-Wijk-BV-482682265579232\/\" \/>\n<meta property=\"article:modified_time\" content=\"2022-02-09T08:34:45+00:00\" \/>\n<meta name=\"twitter:card\" content=\"summary_large_image\" \/>\n<meta name=\"twitter:label1\" content=\"Gesch\u00e4tzte Lesezeit\" \/>\n\t<meta name=\"twitter:data1\" content=\"12\u00a0Minuten\" \/>\n<script type=\"application\/ld+json\" class=\"yoast-schema-graph\">{\"@context\":\"https:\/\/schema.org\",\"@graph\":[{\"@type\":\"Organization\",\"@id\":\"https:\/\/www.vanwijkwerkendam.com\/#organization\",\"name\":\"Van Wijk\",\"url\":\"https:\/\/www.vanwijkwerkendam.com\/\",\"sameAs\":[\"https:\/\/www.facebook.com\/Van-Wijk-BV-482682265579232\/\"],\"logo\":{\"@type\":\"ImageObject\",\"@id\":\"https:\/\/www.vanwijkwerkendam.com\/#logo\",\"inLanguage\":\"de\",\"url\":\"https:\/\/www.vanwijkwerkendam.com\/wp-content\/uploads\/2020\/04\/favicon-retina1.png\",\"contentUrl\":\"https:\/\/www.vanwijkwerkendam.com\/wp-content\/uploads\/2020\/04\/favicon-retina1.png\",\"width\":144,\"height\":144,\"caption\":\"Van Wijk\"},\"image\":{\"@id\":\"https:\/\/www.vanwijkwerkendam.com\/#logo\"}},{\"@type\":\"WebSite\",\"@id\":\"https:\/\/www.vanwijkwerkendam.com\/#website\",\"url\":\"https:\/\/www.vanwijkwerkendam.com\/\",\"name\":\"Van Wijk BV\",\"description\":\"Scheepsreparatiebedrijf\",\"publisher\":{\"@id\":\"https:\/\/www.vanwijkwerkendam.com\/#organization\"},\"potentialAction\":[{\"@type\":\"SearchAction\",\"target\":{\"@type\":\"EntryPoint\",\"urlTemplate\":\"https:\/\/www.vanwijkwerkendam.com\/?s={search_term_string}\"},\"query-input\":\"required name=search_term_string\"}],\"inLanguage\":\"de\"},{\"@type\":\"WebPage\",\"@id\":\"https:\/\/www.vanwijkwerkendam.com\/spudpalen\/#webpage\",\"url\":\"https:\/\/www.vanwijkwerkendam.com\/spudpalen\/\",\"name\":\"Spud Masten - Van Wijk BV\",\"isPartOf\":{\"@id\":\"https:\/\/www.vanwijkwerkendam.com\/#website\"},\"datePublished\":\"2022-02-08T14:18:11+00:00\",\"dateModified\":\"2022-02-09T08:34:45+00:00\",\"description\":\"Spud Masten - Van Wijk BV\",\"breadcrumb\":{\"@id\":\"https:\/\/www.vanwijkwerkendam.com\/spudpalen\/#breadcrumb\"},\"inLanguage\":\"de\",\"potentialAction\":[{\"@type\":\"ReadAction\",\"target\":[\"https:\/\/www.vanwijkwerkendam.com\/spudpalen\/\"]}]},{\"@type\":\"BreadcrumbList\",\"@id\":\"https:\/\/www.vanwijkwerkendam.com\/spudpalen\/#breadcrumb\",\"itemListElement\":[{\"@type\":\"ListItem\",\"position\":1,\"name\":\"Home\",\"item\":\"https:\/\/www.vanwijkwerkendam.com\/\"},{\"@type\":\"ListItem\",\"position\":2,\"name\":\"Spud Masten\"}]}]}<\/script>\n<!-- \/ Yoast SEO plugin. -->","yoast_head_json":{"title":"Spud Masten - Van Wijk BV","description":"Spud Masten - Van Wijk BV","robots":{"index":"index","follow":"follow","max-snippet":"max-snippet:-1","max-image-preview":"max-image-preview:large","max-video-preview":"max-video-preview:-1"},"canonical":"https:\/\/www.vanwijkwerkendam.com\/de\/spudpalen\/","og_locale":"de_DE","og_type":"article","og_title":"Spud Masten - Van Wijk BV","og_description":"Spud Masten - Van Wijk BV","og_url":"https:\/\/www.vanwijkwerkendam.com\/spudpalen\/","og_site_name":"Van Wijk BV","article_publisher":"https:\/\/www.facebook.com\/Van-Wijk-BV-482682265579232\/","article_modified_time":"2022-02-09T08:34:45+00:00","twitter_card":"summary_large_image","twitter_misc":{"Gesch\u00e4tzte Lesezeit":"12\u00a0Minuten"},"schema":{"@context":"https:\/\/schema.org","@graph":[{"@type":"Organization","@id":"https:\/\/www.vanwijkwerkendam.com\/#organization","name":"Van Wijk","url":"https:\/\/www.vanwijkwerkendam.com\/","sameAs":["https:\/\/www.facebook.com\/Van-Wijk-BV-482682265579232\/"],"logo":{"@type":"ImageObject","@id":"https:\/\/www.vanwijkwerkendam.com\/#logo","inLanguage":"de","url":"https:\/\/www.vanwijkwerkendam.com\/wp-content\/uploads\/2020\/04\/favicon-retina1.png","contentUrl":"https:\/\/www.vanwijkwerkendam.com\/wp-content\/uploads\/2020\/04\/favicon-retina1.png","width":144,"height":144,"caption":"Van Wijk"},"image":{"@id":"https:\/\/www.vanwijkwerkendam.com\/#logo"}},{"@type":"WebSite","@id":"https:\/\/www.vanwijkwerkendam.com\/#website","url":"https:\/\/www.vanwijkwerkendam.com\/","name":"Van Wijk BV","description":"Scheepsreparatiebedrijf","publisher":{"@id":"https:\/\/www.vanwijkwerkendam.com\/#organization"},"potentialAction":[{"@type":"SearchAction","target":{"@type":"EntryPoint","urlTemplate":"https:\/\/www.vanwijkwerkendam.com\/?s={search_term_string}"},"query-input":"required name=search_term_string"}],"inLanguage":"de"},{"@type":"WebPage","@id":"https:\/\/www.vanwijkwerkendam.com\/spudpalen\/#webpage","url":"https:\/\/www.vanwijkwerkendam.com\/spudpalen\/","name":"Spud Masten - Van Wijk BV","isPartOf":{"@id":"https:\/\/www.vanwijkwerkendam.com\/#website"},"datePublished":"2022-02-08T14:18:11+00:00","dateModified":"2022-02-09T08:34:45+00:00","description":"Spud Masten - Van Wijk BV","breadcrumb":{"@id":"https:\/\/www.vanwijkwerkendam.com\/spudpalen\/#breadcrumb"},"inLanguage":"de","potentialAction":[{"@type":"ReadAction","target":["https:\/\/www.vanwijkwerkendam.com\/spudpalen\/"]}]},{"@type":"BreadcrumbList","@id":"https:\/\/www.vanwijkwerkendam.com\/spudpalen\/#breadcrumb","itemListElement":[{"@type":"ListItem","position":1,"name":"Home","item":"https:\/\/www.vanwijkwerkendam.com\/"},{"@type":"ListItem","position":2,"name":"Spud Masten"}]}]}},"_links":{"self":[{"href":"https:\/\/www.vanwijkwerkendam.com\/de\/wp-json\/wp\/v2\/pages\/4505"}],"collection":[{"href":"https:\/\/www.vanwijkwerkendam.com\/de\/wp-json\/wp\/v2\/pages"}],"about":[{"href":"https:\/\/www.vanwijkwerkendam.com\/de\/wp-json\/wp\/v2\/types\/page"}],"author":[{"embeddable":true,"href":"https:\/\/www.vanwijkwerkendam.com\/de\/wp-json\/wp\/v2\/users\/10"}],"replies":[{"embeddable":true,"href":"https:\/\/www.vanwijkwerkendam.com\/de\/wp-json\/wp\/v2\/comments?post=4505"}],"version-history":[{"count":7,"href":"https:\/\/www.vanwijkwerkendam.com\/de\/wp-json\/wp\/v2\/pages\/4505\/revisions"}],"predecessor-version":[{"id":4607,"href":"https:\/\/www.vanwijkwerkendam.com\/de\/wp-json\/wp\/v2\/pages\/4505\/revisions\/4607"}],"wp:attachment":[{"href":"https:\/\/www.vanwijkwerkendam.com\/de\/wp-json\/wp\/v2\/media?parent=4505"}],"curies":[{"name":"wp","href":"https:\/\/api.w.org\/{rel}","templated":true}]}}